{"id":8,"date":"2017-01-11T20:16:28","date_gmt":"2017-01-11T20:16:28","guid":{"rendered":"http:\/\/wristequipment.com\/?page_id=8"},"modified":"2021-05-04T06:25:47","modified_gmt":"2021-05-04T06:25:47","slug":"about","status":"publish","type":"page","link":"http:\/\/wristequipment.com\/ee\/about\/","title":{"rendered":"Meist"},"content":{"rendered":"<p>ArtWorkoutTherapy O\u00dc (reg.12909448) on uus firma, kes tegeleb professionaalsete treeningseadmete m\u00fc\u00fcgi, tootmise ja arendamisega. Esimene ja p\u00f5hiline toode on WristEquipment, mis on loodud sportlastele, kontorit\u00f6\u00f6tajatele kui ka taastusraviks. \u00dcle Eesti on mitmetes j\u00f5usaalides meie vanem seade Rollmaster, kui ka uuem trena\u017e\u00f6\u00f6r WristEquipment. Samuti on meie klientideks Eestis politsei, koolid, eraisikud jt. Soomes oleme m\u00fc\u00fcnud paark\u00fcmmend seadet nii eraisikutele, koolidele, s\u00f5jav\u00e4ele, j\u00f5usaalidele jt. Lisaks professionaalsele treeningseadme tootmisele, on meie toodete hulgas &#8220;Sail&#8221;, mis on kaks \u00fches toode \u2013 terviseseade ja disainielement. Lisaks eelmainitule m\u00fc\u00fcme edasi David City-Line v\u00e4lij\u00f5usaali trena\u017e\u00f6\u00f6re, mis on toodetud ja arendatud Soomes. Suure populaarsuse t\u00f5ttu Soomes, tekkis idee m\u00fc\u00fca toodet ka Eestis.<\/p>\n<p>&nbsp;<\/p>\n<p><img loading=\"lazy\" decoding=\"async\" class=\"size-full wp-image-324 alignleft\" src=\"http:\/\/wristequipment.com\/wp-content\/uploads\/2017\/02\/we.png\" alt=\"\" width=\"338\" height=\"54\" srcset=\"http:\/\/wristequipment.com\/wp-content\/uploads\/2017\/02\/we.png 338w, http:\/\/wristequipment.com\/wp-content\/uploads\/2017\/02\/we-300x48.png 300w\" sizes=\"auto, (max-width: 338px) 100vw, 338px\" \/><img loading=\"lazy\" decoding=\"async\" class=\"size-full wp-image-323 alignleft\" src=\"http:\/\/wristequipment.com\/wp-content\/uploads\/2017\/02\/sail-1.png\" alt=\"\" width=\"338\" height=\"54\" srcset=\"http:\/\/wristequipment.com\/wp-content\/uploads\/2017\/02\/sail-1.png 338w, http:\/\/wristequipment.com\/wp-content\/uploads\/2017\/02\/sail-1-300x48.png 300w\" sizes=\"auto, (max-width: 338px) 100vw, 338px\" \/><img loading=\"lazy\" decoding=\"async\" class=\"size-full wp-image-348 alignleft\" src=\"http:\/\/wristequipment.com\/wp-content\/uploads\/2017\/01\/david-copy.png\" alt=\"\" width=\"338\" height=\"54\" srcset=\"http:\/\/wristequipment.com\/wp-content\/uploads\/2017\/01\/david-copy.png 338w, http:\/\/wristequipment.com\/wp-content\/uploads\/2017\/01\/david-copy-300x48.png 300w\" sizes=\"auto, (max-width: 338px) 100vw, 338px\" \/><\/p>\n<p style=\"text-align: center;\">\n","protected":false},"excerpt":{"rendered":"<p>ArtWorkoutTherapy O\u00dc (reg.12909448) on uus firma, kes tegeleb professionaalsete treeningseadmete m\u00fc\u00fcgi, tootmise ja arendamisega. Esimene ja p\u00f5hiline toode on WristEquipment, mis on loodud sportlastele, kontorit\u00f6\u00f6tajatele kui ka taastusraviks. \u00dcle Eesti on mitmetes j\u00f5usaalides meie vanem seade Rollmaster, kui ka uuem trena\u017e\u00f6\u00f6r WristEquipment. Samuti on meie klientideks Eestis politsei, koolid, eraisikud jt. Soomes oleme m\u00fc\u00fcnud paark\u00fcmmend seadet nii eraisikutele, koolidele, s\u00f5jav\u00e4ele, j\u00f5usaalidele jt. Lisaks professionaalsele treeningseadme tootmisele, on meie toodete hulgas &#8220;Sail&#8221;, mis on kaks \u00fches toode \u2013 terviseseade ja disainielement. Lisaks eelmainitule m\u00fc\u00fcme edasi David City-Line v\u00e4lij\u00f5usaali trena\u017e\u00f6\u00f6re, mis on toodetud ja arendatud Soomes. Suure populaarsuse t\u00f5ttu Soomes, tekkis idee&#8230; <\/p>\n","protected":false},"author":1,"featured_media":0,"parent":0,"menu_order":0,"comment_status":"closed","ping_status":"closed","template":"template-full-width.php","meta":{"_acf_changed":false,"footnotes":""},"class_list":["post-8","page","type-page","status-publish","hentry"],"translation":{"provider":"WPGlobus","version":"3.0.0","language":"ee","enabled_languages":["en","ee"],"languages":{"en":{"title":true,"content":true,"excerpt":false},"ee":{"title":true,"content":true,"excerpt":false}}},"acf":[],"yoast_head":"<!-- This site is optimized with the Yoast SEO plugin v24.3 - https:\/\/yoast.com\/wordpress\/plugins\/seo\/ -->\n<title>Meist - WristEquipment<\/title>\n<meta name=\"robots\" content=\"index, follow, max-snippet:-1, max-image-preview:large, max-video-preview:-1\" \/>\n<link rel=\"canonical\" href=\"https:\/\/wristequipment.com\/about\/\" \/>\n<meta property=\"og:locale\" content=\"et_EE\" \/>\n<meta property=\"og:type\" content=\"article\" \/>\n<meta property=\"og:title\" content=\"Meist - WristEquipment\" \/>\n<meta property=\"og:url\" content=\"https:\/\/wristequipment.com\/about\/\" \/>\n<meta property=\"og:site_name\" content=\"WristEquipment\" \/>\n<meta property=\"article:modified_time\" content=\"2021-05-04T06:25:47+00:00\" \/>\n<meta property=\"og:image\" content=\"http:\/\/wristequipment.com\/wp-content\/uploads\/2017\/02\/we.png\" \/>\n<meta name=\"twitter:card\" content=\"summary_large_image\" \/>\n<meta name=\"twitter:label1\" content=\"Est. reading time\" \/>\n\t<meta name=\"twitter:data1\" content=\"1 minute\" \/>\n<script type=\"application\/ld+json\" class=\"yoast-schema-graph\">{\"@context\":\"https:\/\/schema.org\",\"@graph\":[{\"@type\":\"WebPage\",\"@id\":\"https:\/\/wristequipment.com\/about\/\",\"url\":\"https:\/\/wristequipment.com\/about\/\",\"name\":\"Meist - WristEquipment\",\"isPartOf\":{\"@id\":\"http:\/\/wristequipment.com\/#website\"},\"primaryImageOfPage\":{\"@id\":\"https:\/\/wristequipment.com\/about\/#primaryimage\"},\"image\":{\"@id\":\"https:\/\/wristequipment.com\/about\/#primaryimage\"},\"thumbnailUrl\":\"http:\/\/wristequipment.com\/wp-content\/uploads\/2017\/02\/we.png\",\"datePublished\":\"2017-01-11T20:16:28+00:00\",\"dateModified\":\"2021-05-04T06:25:47+00:00\",\"breadcrumb\":{\"@id\":\"https:\/\/wristequipment.com\/about\/#breadcrumb\"},\"inLanguage\":\"et-EE\",\"potentialAction\":[{\"@type\":\"ReadAction\",\"target\":[\"https:\/\/wristequipment.com\/about\/\"]}]},{\"@type\":\"ImageObject\",\"inLanguage\":\"et-EE\",\"@id\":\"https:\/\/wristequipment.com\/about\/#primaryimage\",\"url\":\"http:\/\/wristequipment.com\/wp-content\/uploads\/2017\/02\/we.png\",\"contentUrl\":\"http:\/\/wristequipment.com\/wp-content\/uploads\/2017\/02\/we.png\"},{\"@type\":\"BreadcrumbList\",\"@id\":\"https:\/\/wristequipment.com\/about\/#breadcrumb\",\"itemListElement\":[{\"@type\":\"ListItem\",\"position\":1,\"name\":\"Home\",\"item\":\"http:\/\/wristequipment.com\/\"},{\"@type\":\"ListItem\",\"position\":2,\"name\":\"About\"}]},{\"@type\":\"WebSite\",\"@id\":\"http:\/\/wristequipment.com\/#website\",\"url\":\"http:\/\/wristequipment.com\/\",\"name\":\"WristEquipment\",\"description\":\"Professionaalsed treeningseadmed\",\"potentialAction\":[{\"@type\":\"SearchAction\",\"target\":{\"@type\":\"EntryPoint\",\"urlTemplate\":\"http:\/\/wristequipment.com\/?s={search_term_string}\"},\"query-input\":{\"@type\":\"PropertyValueSpecification\",\"valueRequired\":true,\"valueName\":\"search_term_string\"}}],\"inLanguage\":\"et-EE\"}]}<\/script>\n<!-- \/ Yoast SEO plugin. -->","yoast_head_json":{"title":"Meist - WristEquipment","robots":{"index":"index","follow":"follow","max-snippet":"max-snippet:-1","max-image-preview":"max-image-preview:large","max-video-preview":"max-video-preview:-1"},"canonical":"https:\/\/wristequipment.com\/about\/","og_locale":"et_EE","og_type":"article","og_title":"Meist - WristEquipment","og_url":"https:\/\/wristequipment.com\/about\/","og_site_name":"WristEquipment","article_modified_time":"2021-05-04T06:25:47+00:00","og_image":[{"url":"http:\/\/wristequipment.com\/wp-content\/uploads\/2017\/02\/we.png","type":"","width":"","height":""}],"twitter_card":"summary_large_image","twitter_misc":{"Est. reading time":"1 minute"},"schema":{"@context":"https:\/\/schema.org","@graph":[{"@type":"WebPage","@id":"https:\/\/wristequipment.com\/about\/","url":"https:\/\/wristequipment.com\/about\/","name":"Meist - WristEquipment","isPartOf":{"@id":"http:\/\/wristequipment.com\/#website"},"primaryImageOfPage":{"@id":"https:\/\/wristequipment.com\/about\/#primaryimage"},"image":{"@id":"https:\/\/wristequipment.com\/about\/#primaryimage"},"thumbnailUrl":"http:\/\/wristequipment.com\/wp-content\/uploads\/2017\/02\/we.png","datePublished":"2017-01-11T20:16:28+00:00","dateModified":"2021-05-04T06:25:47+00:00","breadcrumb":{"@id":"https:\/\/wristequipment.com\/about\/#breadcrumb"},"inLanguage":"et-EE","potentialAction":[{"@type":"ReadAction","target":["https:\/\/wristequipment.com\/about\/"]}]},{"@type":"ImageObject","inLanguage":"et-EE","@id":"https:\/\/wristequipment.com\/about\/#primaryimage","url":"http:\/\/wristequipment.com\/wp-content\/uploads\/2017\/02\/we.png","contentUrl":"http:\/\/wristequipment.com\/wp-content\/uploads\/2017\/02\/we.png"},{"@type":"BreadcrumbList","@id":"https:\/\/wristequipment.com\/about\/#breadcrumb","itemListElement":[{"@type":"ListItem","position":1,"name":"Home","item":"http:\/\/wristequipment.com\/"},{"@type":"ListItem","position":2,"name":"About"}]},{"@type":"WebSite","@id":"http:\/\/wristequipment.com\/#website","url":"http:\/\/wristequipment.com\/","name":"WristEquipment","description":"Professionaalsed treeningseadmed","potentialAction":[{"@type":"SearchAction","target":{"@type":"EntryPoint","urlTemplate":"http:\/\/wristequipment.com\/?s={search_term_string}"},"query-input":{"@type":"PropertyValueSpecification","valueRequired":true,"valueName":"search_term_string"}}],"inLanguage":"et-EE"}]}},"_links":{"self":[{"href":"http:\/\/wristequipment.com\/ee\/wp-json\/wp\/v2\/pages\/8","targetHints":{"allow":["GET"]}}],"collection":[{"href":"http:\/\/wristequipment.com\/ee\/wp-json\/wp\/v2\/pages"}],"about":[{"href":"http:\/\/wristequipment.com\/ee\/wp-json\/wp\/v2\/types\/page"}],"author":[{"embeddable":true,"href":"http:\/\/wristequipment.com\/ee\/wp-json\/wp\/v2\/users\/1"}],"replies":[{"embeddable":true,"href":"http:\/\/wristequipment.com\/ee\/wp-json\/wp\/v2\/comments?post=8"}],"version-history":[{"count":5,"href":"http:\/\/wristequipment.com\/ee\/wp-json\/wp\/v2\/pages\/8\/revisions"}],"predecessor-version":[{"id":612,"href":"http:\/\/wristequipment.com\/ee\/wp-json\/wp\/v2\/pages\/8\/revisions\/612"}],"wp:attachment":[{"href":"http:\/\/wristequipment.com\/ee\/wp-json\/wp\/v2\/media?parent=8"}],"curies":[{"name":"wp","href":"https:\/\/api.w.org\/{rel}","templated":true}]}}