{"id":213,"date":"2017-02-01T20:17:30","date_gmt":"2017-02-01T20:17:30","guid":{"rendered":"http:\/\/wristequipment.com\/?page_id=213"},"modified":"2021-05-04T06:25:47","modified_gmt":"2021-05-04T06:25:47","slug":"workout-and-muscles","status":"publish","type":"page","link":"http:\/\/wristequipment.com\/ee\/products\/wristequipment\/workout-and-muscles\/","title":{"rendered":"Treenimine ja lihased"},"content":{"rendered":"<h3 style=\"text-align: center;\"><img loading=\"lazy\" decoding=\"async\" class=\"alignnone wp-image-270\" src=\"http:\/\/wristequipment.com\/wp-content\/uploads\/2017\/02\/wrist-exercises.png\" alt=\"\" width=\"357\" height=\"451\" srcset=\"http:\/\/wristequipment.com\/wp-content\/uploads\/2017\/02\/wrist-exercises.png 2285w, http:\/\/wristequipment.com\/wp-content\/uploads\/2017\/02\/wrist-exercises-237x300.png 237w, http:\/\/wristequipment.com\/wp-content\/uploads\/2017\/02\/wrist-exercises-768x971.png 768w, http:\/\/wristequipment.com\/wp-content\/uploads\/2017\/02\/wrist-exercises-810x1024.png 810w\" sizes=\"auto, (max-width: 357px) 100vw, 357px\" \/><\/h3>\n<h3 style=\"text-align: center;\"><b>LIHASED, MIDA TREENIME WRIST EQUIPMENT&#8217;IL<\/b><\/h3>\n<h5 style=\"text-align: left;\"><div class=\"custombtn\" style=\"text-align:center\">\t\r\n\t   <a class=\"morebutton\" href=\"http:\/\/wristequipment.com\/wp-content\/uploads\/2017\/02\/WE_exercises.pdf\">Forearm workout exercises PDF<\/a>\t   \t   \r\n\t<\/div><\/h5>\n<p style=\"text-align: center;\"><img loading=\"lazy\" decoding=\"async\" class=\" wp-image-236 alignleft\" src=\"http:\/\/wristequipment.com\/wp-content\/uploads\/2017\/02\/exercise-one-1-235x300.png\" alt=\"\" width=\"200\" height=\"255\" srcset=\"http:\/\/wristequipment.com\/wp-content\/uploads\/2017\/02\/exercise-one-1-235x300.png 235w, http:\/\/wristequipment.com\/wp-content\/uploads\/2017\/02\/exercise-one-1.png 719w\" sizes=\"auto, (max-width: 200px) 100vw, 200px\" \/><\/p>\n<p><b>RANDME PAINUTAJAD<\/b>&nbsp;\u2013raskuse \u00fcles kerimine enda poole (kummilint &nbsp;peab keerdesse minema enda poolt)<\/p>\n<p style=\"text-align: left;\"><u><b>P\u00d5HILISED T\u00d6\u00d6SSE HAARATUD LIHASED<\/b><\/u><\/p>\n<p>Rannet paindesse viivad k\u00fc\u00fcnarmine ja kodarmine randmepainutaja (flexor carpi ulnaris et radialis); &nbsp;s\u00f5rmedest ja peopesast k\u00e4epidet hoidvad s\u00f5rme painutajad ja sirutajad (flexor digitorum profundus et superficialis, extensor digitorum communis) ning pikk pihulihas (palmaris longus). K\u00e4ehaarde v\u00f5tmisel on samuti t\u00f6\u00f6s labak\u00e4e t\u00e4htsad sisemised lihased (intrinsic muscles) nagu abductor pollicis brevis, opponens pollicis, flexor pollicis brevis (thenar`i e. p\u00f6idlap\u00e4ka lihased), adductor pollicis, opponens digiti minimi, flexor digiti minimi, abductor digiti minimi (hypothenar`i e. v\u00e4ikes\u00f5rme p\u00e4ka lihased) palmaris brevis, k\u00e4e limuklihased (lumbricales), luudevahelised lihased (interossei m.).<\/p>\n<p><u><b>ASSISTEERIVAD LIHASED<\/b><\/u><\/p>\n<p>Stabiliseeriv isomeetriline pinge on samuti \u00f5lavarrelihastes (biceps, triceps), \u00f5lalihastes (deltoideus), rinnalihastes (pectoralis major et minor), selja lihastest trapets (trapezius) ja romblihased (rhomboideus), (teatav ekstsentriline pinge, ehk kokkut\u00f5mme l\u00e4bi lihask\u00f5hu pikenemise, alati ka otsestes antagonistides &#8211; randmesirutajates (extensor carpi ulnaris, extensor carpi radialis longus et brevis)).<\/p>\n<div class=\"hr\"><\/div>\n<p><img loading=\"lazy\" decoding=\"async\" class=\"size-medium wp-image-237 alignleft\" src=\"http:\/\/wristequipment.com\/wp-content\/uploads\/2017\/02\/exercise-two-2-235x300.png\" alt=\"\" width=\"235\" height=\"300\" srcset=\"http:\/\/wristequipment.com\/wp-content\/uploads\/2017\/02\/exercise-two-2-235x300.png 235w, http:\/\/wristequipment.com\/wp-content\/uploads\/2017\/02\/exercise-two-2.png 719w\" sizes=\"auto, (max-width: 235px) 100vw, 235px\" \/><\/p>\n<p><b>RANDME SIRUTAJAD<\/b>&nbsp;\u2013 raskuse \u00fcles kerimine endast eemale (kummilint peab keerdesse minema eelmisele vastupidises ehk endast eemale suunas).<\/p>\n<p><u><b>P\u00d5HILISED T\u00d6\u00d6SSE HAARATUD LIHASED<\/b><\/u><\/p>\n<p>Rannet sirutusse viivad k\u00fc\u00fcnarmine ja kodarmine randmesirutaja (extensor carpi ulnaris ja -radialis longus et brevis);&nbsp; s\u00f5rmedest ja peopesast k\u00e4epidet hoidvad s\u00f5rme painutajad ja sirutajad (flexor digitorum profundus et superficialis ja extensor digitorum communis) ning pikk pihulihas (palmaris longus). K\u00e4ehaarde v\u00f5tmisel on samuti t\u00f6\u00f6s labak\u00e4e t\u00e4htsad sisemised lihased (intrinsic muscles) nagu abductor pollicis brevis, opponens pollicis, flexor pollicis brevis (thenar`i e. p\u00f6idlap\u00e4ka lihased), adductor pollicis, opponens digiti minimi, flexor digiti minimi, abductor digiti minimi (hypothenar`i e. v\u00e4ikes\u00f5rme p\u00e4ka lihased) palmaris brevis, k\u00e4e limuklihased (lumbricales), luudevahelised lihased (interossei m.).<\/p>\n<p><u><b>ASSISTEERIVAD LIHASED<\/b><\/u><\/p>\n<p>Stabiliseeriv isomeetriline pinge on samuti \u00f5lavarrelihastes (biceps, triceps), \u00f5lalihastes (deltoideus), rinnalihastes (pectoralis major et minor), selja lihastest trapets (trapezius) ja romblihased (rhomboideus),&nbsp;&nbsp;&nbsp; (teatav ekstsentriline pinge ehk kokkut\u00f5mme l\u00e4bi lihask\u00f5hu pikenemise alati ka otsestes antagonistides &#8211; randmepainutajates (flexor carpi ulnaris, flexor carpi radialis)) .<\/p>\n<div class=\"hr\"><\/div>\n<p><img loading=\"lazy\" decoding=\"async\" class=\"alignleft wp-image-239 \" src=\"http:\/\/wristequipment.com\/wp-content\/uploads\/2017\/02\/exercise-three-3.jpg\" width=\"239\" height=\"341\"><\/p>\n<p><b>KOMBINEERITUD VARIANT<\/b><\/p>\n<p>Nii randme painutaja- kui sirutajalihased on t\u00f6\u00f6s, \u00fche k\u00e4e randme painutajad ja teise k\u00e4e randme sirutajad \u2013 v\u00f5ttes k\u00e4epidemest \u00fche k\u00e4ega alt ja teisega pealt kinni.<\/p>\n<p style=\"text-align: left;\"><div class=\"hr\"><\/div><\/p>\n<p style=\"text-align: left;\">&nbsp;<\/p>\n<p style=\"text-align: left;\"><img loading=\"lazy\" decoding=\"async\" class=\"wp-image-240 alignleft\" src=\"http:\/\/wristequipment.com\/wp-content\/uploads\/2017\/02\/exercise-nine-9.jpg\" alt=\"\" width=\"236\" height=\"267\"><b>K\u00dc\u00dcNARVARRE SISSEP\u00d6\u00d6RAJAD<\/b> \u2013 \u201cukselingiga\u201dk\u00e4epideme otsast raskuse keeramine paremale.<\/p>\n<p><u><b>P\u00d5HILISED T\u00d6\u00d6SSE HAARATUD LIHASED<\/b><\/u><\/p>\n<p>\u00dcmar sissep\u00f6\u00f6raja (pronator teres), ruut-sissep\u00f6\u00f6raja (pronator quadratus), \u00f5lavarre-kodarluulihas (brachioradialis);&nbsp; s\u00f5rmedest ja peopesast k\u00e4epidet hoidvad s\u00f5rme painutajad ja sirutajad (flexor digitorum profundus et superficialis ja extensor digitorum communis) ning pikk pihulihas (palmaris longus). K\u00e4ehaarde v\u00f5tmisel on samuti t\u00f6\u00f6s labak\u00e4e t\u00e4htsad sisemised lihased (intrinsic muscles) nagu abductor pollicis brevis, opponens pollicis, flexor pollicis brevis (thenar`i e. p\u00f6idlap\u00e4ka lihased), adductor pollicis, opponens digiti minimi, flexor digiti minimi, abductor digiti minimi (hypothenar`i e. v\u00e4ikes\u00f5rme p\u00e4ka lihased) palmaris brevis, k\u00e4e limuklihased (lumbricales), luudevahelised lihased (interossei m.).<\/p>\n<p><u><b>THE ASSISTING <\/b><\/u><u><b>MUSCLES<\/b><\/u><\/p>\n<p>Stabiliseeriv isomeetriline pinge on samuti \u00f5lavarrelihastes (brachialis, biceps, triceps), \u00f5lalihastes (deltoideus), rinnalihastes (pectoralis major et minor), selja lihastest trapets (trapezius) ja romblihased (rhomboideus), (teatav ekstsentriline pinge ehk kokkut\u00f5mme l\u00e4bi lihask\u00f5hu pikenemise alati ka otseses antagonistis \u2013 supinatoris).<\/p>\n<p style=\"text-align: left;\"><div class=\"hr\"><\/div><\/p>\n<p style=\"text-align: left;\"><img loading=\"lazy\" decoding=\"async\" class=\"wp-image-240 alignleft\" src=\"http:\/\/wristequipment.com\/wp-content\/uploads\/2017\/02\/exercise-nine-9.jpg\" alt=\"\" width=\"237\" height=\"300\" srcset=\"http:\/\/wristequipment.com\/wp-content\/uploads\/2017\/02\/exercise-nine-9.jpg 719w, http:\/\/wristequipment.com\/wp-content\/uploads\/2017\/02\/exercise-nine-9-237x300.jpg 237w\" sizes=\"auto, (max-width: 237px) 100vw, 237px\" \/><\/p>\n<p><b>K\u00dc\u00dcNARVARRE V\u00c4LJAP\u00d6\u00d6RAJAD&nbsp;<\/b><b>&#8211; <\/b>&#8220;Ukselingiga\u201dk\u00e4epideme otsast raskuse keeramine vasakule.<\/p>\n<p><b><u>P\u00d5HILISED T\u00d6\u00d6SSE HAARATUD LIHASED<\/u><\/b><\/p>\n<p>K\u00fc\u00fcnarvarre v\u00e4ljap\u00f6\u00f6raja ehk supinator ja biitseps (biceps brachii), \u00f5lavarre-kodarluulihas (brachioradialis);&nbsp; s\u00f5rmedest ja peopesast k\u00e4epidet hoidvad s\u00f5rme painutajad ja sirutajad (flexor digitorum profundus et superficialis ja extensor digitorum communis) ning pikk pihulihas (palmaris longus). K\u00e4ehaarde v\u00f5tmisel on samuti t\u00f6\u00f6s labak\u00e4e t\u00e4htsad sisemised lihased (intrinsic muscles) nagu abductor pollicis brevis, opponens pollicis, flexor pollicis brevis (thenar`i e. p\u00f6idlap\u00e4ka lihased), adductor pollicis, opponens digiti minimi, flexor digiti minimi, abductor digiti minimi (hypothenar`i e. v\u00e4ikes\u00f5rme p\u00e4ka lihased) palmaris brevis, k\u00e4e limuklihased (lumbricales), luudevahelised lihased (interossei m.).<\/p>\n<p><u><b>ASSISTEERIVAD LIHASED<\/b><\/u><\/p>\n<p>Stabiliseeriv isomeetriline pinge on samuti ka &nbsp;\u00f5lalihastes (deltoideus), rinnalihastes (pectoralis major et minor), selja lihastest trapets (trapezius) ja romblihased (rhomboideus), (teatav ekstsentriline pinge ehk kokkut\u00f5mme l\u00e4bi lihask\u00f5hu pikenemise alati ka otsestes antagonistides \u2013 \u00fcmar sissep\u00f6\u00f6raja (pronator teres) ja ruutsissep\u00f6\u00f6raja (pronator quadrates)).<\/p>\n<div class=\"hr\"><\/div>\n<p><img loading=\"lazy\" decoding=\"async\" class=\"wp-image-241 alignleft\" src=\"http:\/\/wristequipment.com\/wp-content\/uploads\/2017\/02\/exercise-eight-8.jpg\" alt=\"\" width=\"235\" height=\"300\" srcset=\"http:\/\/wristequipment.com\/wp-content\/uploads\/2017\/02\/exercise-eight-8.jpg 713w, http:\/\/wristequipment.com\/wp-content\/uploads\/2017\/02\/exercise-eight-8-235x300.jpg 235w\" sizes=\"auto, (max-width: 235px) 100vw, 235px\" \/><\/p>\n<p><b>S\u00d5RME PAINUTAJAD<\/b> \u2013 s\u00f5rmedega raskuse t\u00f5stmine n\u00e4oga masina suunas ja&nbsp; s\u00f5rmedega raskuse t\u00f5stmine seljaga masina suunas.<\/p>\n<p><u><b>P\u00d5HILISED T\u00d6\u00d6SSE HAARATUD LIHASED<\/b><\/u><\/p>\n<p>Pindmised ja s\u00fcvad s\u00f5rmedepainutajad (flexor digitorum superficialis et&nbsp;&nbsp; profundus), s\u00f5rmede sirutajad (extensor digitorum communis), pikk pihulihas (palmaris longus). K\u00e4ehaarde v\u00f5tmisel on samuti t\u00f6\u00f6s labak\u00e4e t\u00e4htsad sisemised lihased (intrinsic muscles) nagu abductor pollicis brevis, opponens pollicis, flexor pollicis brevis (thenar`i e. p\u00f6idlap\u00e4ka lihased), adductor pollicis, opponens digiti minimi, flexor digiti minimi, abductor digiti minimi (hypothenar`i e. v\u00e4ikes\u00f5rme p\u00e4ka lihased) palmaris brevis, k\u00e4e limuklihased (lumbricales), luudevahelised lihased (interossei m.).<\/p>\n<p>&nbsp;N\u00e4oga masina suunas treenides on nimetis-ja keskmisel s\u00f5rmel t\u00f6\u00f6sse haaratud nii pindmised kui s\u00fcvapainutajad, s\u00f5rmuse-ja v\u00e4iksel s\u00f5rmel p\u00f5hiliselt t\u00f6\u00f6s pindmised s\u00f5rmepainutajad. Seljaga masina suunas t\u00f6\u00f6tades on j\u00f5ujaotus vastupidine. Fikseerivalt on t\u00f6\u00f6s ka randme painutajad ja \u2013sirutajad, k\u00f5ikide peopesa ja s\u00f5rmi kaasavate harjutuste puhul on alati fikseerivalt t\u00f6\u00f6s p\u00f6idla painutajad ja sirutajad (flexor pollicis longus et brevis, extensor pollicis longus et brevis).<\/p>\n<p style=\"text-align: center;\"><img loading=\"lazy\" decoding=\"async\" class=\"wp-image-242 alignleft\" src=\"http:\/\/wristequipment.com\/wp-content\/uploads\/2017\/02\/exercise-seven-7.jpg\" alt=\"\" width=\"238\" height=\"302\" srcset=\"http:\/\/wristequipment.com\/wp-content\/uploads\/2017\/02\/exercise-seven-7.jpg 720w, http:\/\/wristequipment.com\/wp-content\/uploads\/2017\/02\/exercise-seven-7-236x300.jpg 236w\" sizes=\"auto, (max-width: 238px) 100vw, 238px\" \/><\/p>\n<p><u><b>ASSISTEERIVAD LIHASED<\/b><\/u><\/p>\n<p>Stabiliseeriv isomeetriline pinge on samuti \u00f5lavarrelihastes (biceps, triceps), \u00f5lalihastes (deltoideus), rinnalihastes (pectoralis major et minor), selja lihastest trapets (trapezius) ja romblihased (rhomboideus).<\/p>\n<h4 style=\"text-align: left;\">&nbsp;<\/h4>\n<h4 style=\"text-align: left;\">&nbsp;<\/h4>\n<h4 style=\"text-align: left;\">&nbsp;<\/h4>\n<h4 style=\"text-align: left;\">&nbsp;<\/h4>\n<h4 style=\"text-align: left;\">&nbsp;<\/h4>\n<h4 style=\"text-align: left;\">&nbsp;<\/h4>\n<p>&nbsp;<\/p>\n<h3>ANTAGONISTIS ASETLEIDVA EKSTSENTRILISE KOKKUT\u00d5MBE SUURUS, AGONISTI T\u00d6\u00d6 AJAL, S\u00d5LTUB AGONISTI KOKKUT\u00d5MBE INTENSIIVSUSEST.<\/h3>\n<h3>KUI AGONIST T\u00d6\u00d6TAB V\u00c4IKESEL INTENSIIVSUSEL (-30% maxist), SIIS ANTAGONIST ON PINGEVABA, VENIB, JA KOOSKONTRAKTSIOONI EI TEKI.<\/h3>\n","protected":false},"excerpt":{"rendered":"<p>LIHASED, MIDA TREENIME WRIST EQUIPMENT&#8217;IL RANDME PAINUTAJAD&nbsp;\u2013raskuse \u00fcles kerimine enda poole (kummilint &nbsp;peab keerdesse minema enda poolt) P\u00d5HILISED T\u00d6\u00d6SSE HAARATUD LIHASED Rannet paindesse viivad k\u00fc\u00fcnarmine ja kodarmine randmepainutaja (flexor carpi ulnaris et radialis); &nbsp;s\u00f5rmedest ja peopesast k\u00e4epidet hoidvad s\u00f5rme painutajad ja sirutajad (flexor digitorum profundus et superficialis, extensor digitorum communis) ning pikk pihulihas (palmaris longus). K\u00e4ehaarde v\u00f5tmisel on samuti t\u00f6\u00f6s labak\u00e4e t\u00e4htsad sisemised lihased (intrinsic muscles) nagu abductor pollicis brevis, opponens pollicis, flexor pollicis brevis (thenar`i e. p\u00f6idlap\u00e4ka lihased), adductor pollicis, opponens digiti minimi, flexor digiti minimi, abductor digiti minimi (hypothenar`i e. v\u00e4ikes\u00f5rme p\u00e4ka lihased) palmaris brevis, k\u00e4e limuklihased (lumbricales),&#8230; <\/p>\n","protected":false},"author":1,"featured_media":0,"parent":122,"menu_order":0,"comment_status":"closed","ping_status":"closed","template":"template-full-width.php","meta":{"_acf_changed":false,"footnotes":""},"class_list":["post-213","page","type-page","status-publish","hentry"],"translation":{"provider":"WPGlobus","version":"3.0.0","language":"ee","enabled_languages":["en","ee"],"languages":{"en":{"title":true,"content":true,"excerpt":false},"ee":{"title":true,"content":true,"excerpt":false}}},"acf":[],"yoast_head":"<!-- This site is optimized with the Yoast SEO plugin v24.3 - https:\/\/yoast.com\/wordpress\/plugins\/seo\/ -->\n<title>Workout and muscles for WristEquipment by Martin Padar<\/title>\n<meta name=\"robots\" content=\"index, follow, max-snippet:-1, max-image-preview:large, max-video-preview:-1\" \/>\n<link rel=\"canonical\" href=\"http:\/\/wristequipment.com\/products\/wristequipment\/workout-and-muscles\/\" \/>\n<meta property=\"og:locale\" content=\"et_EE\" \/>\n<meta property=\"og:type\" content=\"article\" \/>\n<meta property=\"og:title\" content=\"Treenimine ja lihased - WristEquipment\" \/>\n<meta property=\"og:url\" content=\"http:\/\/wristequipment.com\/products\/wristequipment\/workout-and-muscles\/\" \/>\n<meta property=\"og:site_name\" content=\"WristEquipment\" \/>\n<meta property=\"article:modified_time\" content=\"2021-05-04T06:25:47+00:00\" \/>\n<meta property=\"og:image\" content=\"http:\/\/wristequipment.com\/wp-content\/uploads\/2017\/02\/wrist-exercises.png\" \/>\n<meta name=\"twitter:card\" content=\"summary_large_image\" \/>\n<meta name=\"twitter:label1\" content=\"Est. reading time\" \/>\n\t<meta name=\"twitter:data1\" content=\"10 minutes\" \/>\n<script type=\"application\/ld+json\" class=\"yoast-schema-graph\">{\"@context\":\"https:\/\/schema.org\",\"@graph\":[{\"@type\":\"WebPage\",\"@id\":\"http:\/\/wristequipment.com\/products\/wristequipment\/workout-and-muscles\/\",\"url\":\"http:\/\/wristequipment.com\/products\/wristequipment\/workout-and-muscles\/\",\"name\":\"Workout and muscles for WristEquipment by Martin Padar\",\"isPartOf\":{\"@id\":\"http:\/\/wristequipment.com\/#website\"},\"primaryImageOfPage\":{\"@id\":\"http:\/\/wristequipment.com\/products\/wristequipment\/workout-and-muscles\/#primaryimage\"},\"image\":{\"@id\":\"http:\/\/wristequipment.com\/products\/wristequipment\/workout-and-muscles\/#primaryimage\"},\"thumbnailUrl\":\"http:\/\/wristequipment.com\/wp-content\/uploads\/2017\/02\/wrist-exercises.png\",\"datePublished\":\"2017-02-01T20:17:30+00:00\",\"dateModified\":\"2021-05-04T06:25:47+00:00\",\"description\":\"All exercises are created by masseuse and judoka Martin Padar. Anyone who is using WristEquipment can aim to specific muscle workout by following exercises.\",\"breadcrumb\":{\"@id\":\"http:\/\/wristequipment.com\/products\/wristequipment\/workout-and-muscles\/#breadcrumb\"},\"inLanguage\":\"et-EE\",\"potentialAction\":[{\"@type\":\"ReadAction\",\"target\":[\"http:\/\/wristequipment.com\/products\/wristequipment\/workout-and-muscles\/\"]}]},{\"@type\":\"ImageObject\",\"inLanguage\":\"et-EE\",\"@id\":\"http:\/\/wristequipment.com\/products\/wristequipment\/workout-and-muscles\/#primaryimage\",\"url\":\"http:\/\/wristequipment.com\/wp-content\/uploads\/2017\/02\/wrist-exercises.png\",\"contentUrl\":\"http:\/\/wristequipment.com\/wp-content\/uploads\/2017\/02\/wrist-exercises.png\"},{\"@type\":\"BreadcrumbList\",\"@id\":\"http:\/\/wristequipment.com\/products\/wristequipment\/workout-and-muscles\/#breadcrumb\",\"itemListElement\":[{\"@type\":\"ListItem\",\"position\":1,\"name\":\"Home\",\"item\":\"http:\/\/wristequipment.com\/\"},{\"@type\":\"ListItem\",\"position\":2,\"name\":\"Tooted\",\"item\":\"https:\/\/wristequipment.com\/ee\/products\/\"},{\"@type\":\"ListItem\",\"position\":3,\"name\":\"Wristequipment\",\"item\":\"https:\/\/wristequipment.com\/ee\/products\/wristequipment\/\"},{\"@type\":\"ListItem\",\"position\":4,\"name\":\"Workout and muscles\"}]},{\"@type\":\"WebSite\",\"@id\":\"http:\/\/wristequipment.com\/#website\",\"url\":\"http:\/\/wristequipment.com\/\",\"name\":\"WristEquipment\",\"description\":\"Professionaalsed treeningseadmed\",\"potentialAction\":[{\"@type\":\"SearchAction\",\"target\":{\"@type\":\"EntryPoint\",\"urlTemplate\":\"http:\/\/wristequipment.com\/?s={search_term_string}\"},\"query-input\":{\"@type\":\"PropertyValueSpecification\",\"valueRequired\":true,\"valueName\":\"search_term_string\"}}],\"inLanguage\":\"et-EE\"}]}<\/script>\n<!-- \/ Yoast SEO plugin. -->","yoast_head_json":{"title":"Workout and muscles for WristEquipment by Martin Padar","robots":{"index":"index","follow":"follow","max-snippet":"max-snippet:-1","max-image-preview":"max-image-preview:large","max-video-preview":"max-video-preview:-1"},"canonical":"http:\/\/wristequipment.com\/products\/wristequipment\/workout-and-muscles\/","og_locale":"et_EE","og_type":"article","og_title":"Treenimine ja lihased - WristEquipment","og_url":"http:\/\/wristequipment.com\/products\/wristequipment\/workout-and-muscles\/","og_site_name":"WristEquipment","article_modified_time":"2021-05-04T06:25:47+00:00","og_image":[{"url":"http:\/\/wristequipment.com\/wp-content\/uploads\/2017\/02\/wrist-exercises.png","type":"","width":"","height":""}],"twitter_card":"summary_large_image","twitter_misc":{"Est. reading time":"10 minutes"},"schema":{"@context":"https:\/\/schema.org","@graph":[{"@type":"WebPage","@id":"http:\/\/wristequipment.com\/products\/wristequipment\/workout-and-muscles\/","url":"http:\/\/wristequipment.com\/products\/wristequipment\/workout-and-muscles\/","name":"Workout and muscles for WristEquipment by Martin Padar","isPartOf":{"@id":"http:\/\/wristequipment.com\/#website"},"primaryImageOfPage":{"@id":"http:\/\/wristequipment.com\/products\/wristequipment\/workout-and-muscles\/#primaryimage"},"image":{"@id":"http:\/\/wristequipment.com\/products\/wristequipment\/workout-and-muscles\/#primaryimage"},"thumbnailUrl":"http:\/\/wristequipment.com\/wp-content\/uploads\/2017\/02\/wrist-exercises.png","datePublished":"2017-02-01T20:17:30+00:00","dateModified":"2021-05-04T06:25:47+00:00","description":"All exercises are created by masseuse and judoka Martin Padar. Anyone who is using WristEquipment can aim to specific muscle workout by following exercises.","breadcrumb":{"@id":"http:\/\/wristequipment.com\/products\/wristequipment\/workout-and-muscles\/#breadcrumb"},"inLanguage":"et-EE","potentialAction":[{"@type":"ReadAction","target":["http:\/\/wristequipment.com\/products\/wristequipment\/workout-and-muscles\/"]}]},{"@type":"ImageObject","inLanguage":"et-EE","@id":"http:\/\/wristequipment.com\/products\/wristequipment\/workout-and-muscles\/#primaryimage","url":"http:\/\/wristequipment.com\/wp-content\/uploads\/2017\/02\/wrist-exercises.png","contentUrl":"http:\/\/wristequipment.com\/wp-content\/uploads\/2017\/02\/wrist-exercises.png"},{"@type":"BreadcrumbList","@id":"http:\/\/wristequipment.com\/products\/wristequipment\/workout-and-muscles\/#breadcrumb","itemListElement":[{"@type":"ListItem","position":1,"name":"Home","item":"http:\/\/wristequipment.com\/"},{"@type":"ListItem","position":2,"name":"Tooted","item":"https:\/\/wristequipment.com\/ee\/products\/"},{"@type":"ListItem","position":3,"name":"Wristequipment","item":"https:\/\/wristequipment.com\/ee\/products\/wristequipment\/"},{"@type":"ListItem","position":4,"name":"Workout and muscles"}]},{"@type":"WebSite","@id":"http:\/\/wristequipment.com\/#website","url":"http:\/\/wristequipment.com\/","name":"WristEquipment","description":"Professionaalsed treeningseadmed","potentialAction":[{"@type":"SearchAction","target":{"@type":"EntryPoint","urlTemplate":"http:\/\/wristequipment.com\/?s={search_term_string}"},"query-input":{"@type":"PropertyValueSpecification","valueRequired":true,"valueName":"search_term_string"}}],"inLanguage":"et-EE"}]}},"_links":{"self":[{"href":"http:\/\/wristequipment.com\/ee\/wp-json\/wp\/v2\/pages\/213","targetHints":{"allow":["GET"]}}],"collection":[{"href":"http:\/\/wristequipment.com\/ee\/wp-json\/wp\/v2\/pages"}],"about":[{"href":"http:\/\/wristequipment.com\/ee\/wp-json\/wp\/v2\/types\/page"}],"author":[{"embeddable":true,"href":"http:\/\/wristequipment.com\/ee\/wp-json\/wp\/v2\/users\/1"}],"replies":[{"embeddable":true,"href":"http:\/\/wristequipment.com\/ee\/wp-json\/wp\/v2\/comments?post=213"}],"version-history":[{"count":5,"href":"http:\/\/wristequipment.com\/ee\/wp-json\/wp\/v2\/pages\/213\/revisions"}],"predecessor-version":[{"id":584,"href":"http:\/\/wristequipment.com\/ee\/wp-json\/wp\/v2\/pages\/213\/revisions\/584"}],"up":[{"embeddable":true,"href":"http:\/\/wristequipment.com\/ee\/wp-json\/wp\/v2\/pages\/122"}],"wp:attachment":[{"href":"http:\/\/wristequipment.com\/ee\/wp-json\/wp\/v2\/media?parent=213"}],"curies":[{"name":"wp","href":"https:\/\/api.w.org\/{rel}","templated":true}]}}