{"id":19,"date":"2017-01-12T12:51:42","date_gmt":"2017-01-12T12:51:42","guid":{"rendered":"http:\/\/wristequipment.com\/?page_id=19"},"modified":"2021-05-04T06:25:47","modified_gmt":"2021-05-04T06:25:47","slug":"sales","status":"publish","type":"page","link":"http:\/\/wristequipment.com\/ee\/sales\/","title":{"rendered":"M\u00fc\u00fck"},"content":{"rendered":"<div class=\"main-form-area\" id=\"contactform_main\"><form name=\"contactform\" action=\"#contactform_main\" method=\"post\">\r\n\t\t\t<p><input type=\"text\" name=\"c_name\" value=\"\" placeholder=\"Name\" \/><\/p>\r\n\t\t\t<p><input type=\"email\" name=\"c_email\" value=\"\" placeholder=\"Email\" \/><\/p><div class=\"clear\"><\/div>\r\n\t\t\t<p><input type=\"tel\" name=\"c_phone\" value=\"\" placeholder=\"Phone\" \/><\/p>\r\n\t\t\t<p><input type=\"url\" name=\"c_website\" value=\"\" placeholder=\"Website with prefix http:\/\/\" \/><\/p><div class=\"clear\"><\/div>\r\n\t\t\t<p><textarea name=\"c_comments\" placeholder=\"Message\"><\/textarea><\/p><div class=\"clear\"><\/div><p><span class=\"capcode\">3 + 5 = <\/span><input type=\"text\" placeholder=\"Captcha\" value=\"\" name=\"c_captcha\" \/><input type=\"hidden\" name=\"c_captcha_confirm\" value=\"c9f0f895fb98ab9159f51fd0297e236d\"><\/p><div class=\"clear\"><\/div><p class=\"sub\"><input type=\"submit\" name=\"c_submit\" value=\"Submit\" class=\"search-submit\" \/><\/p>\r\n\t\t<\/form>\r\n\t<\/div>\n<div class=\"hr\"><\/div>\n<p>&nbsp;<\/p>\n<p><strong><a href=\"http:\/\/wristequipment.com\/index.php\/terms-and-conditions\/\" target=\"_blank\" rel=\"noopener noreferrer\">M\u00dc\u00dcGITINGIMUSED<\/a><\/strong><\/p>\n<p>&nbsp;<\/p>\n<h3>Vastame teie kirjale esimesel v\u00f5imalusel!<\/h3>\n<blockquote>\n<h3 style=\"text-align: left;\">Meie kliendid:<\/h3>\n<ul>\n<li style=\"text-align: left;\">\n<h4>S\u00f5jav\u00e4gi<\/h4>\n<\/li>\n<li style=\"text-align: left;\">\n<h4>Koolid<\/h4>\n<\/li>\n<li style=\"text-align: left;\">\n<h4>\u00dclikoolid<\/h4>\n<\/li>\n<li style=\"text-align: left;\">\n<h4>Spordiklubid<\/h4>\n<\/li>\n<li style=\"text-align: left;\">\n<h4>J\u00f5usaalid<\/h4>\n<\/li>\n<li style=\"text-align: left;\">\n<h4>Hotellid<\/h4>\n<\/li>\n<li style=\"text-align: left;\">\n<h4>Eraisikud<\/h4>\n<\/li>\n<li>\n<h4 style=\"text-align: left;\">Politsei<\/h4>\n<\/li>\n<li>\n<h4>Tulet\u00f5rje<\/h4>\n<\/li>\n<li>\n<h4>Kliinikud<\/h4>\n<\/li>\n<li>\n<h4>Taastusravikliinikud<\/h4>\n<\/li>\n<li>\n<h4>Kontorid<\/h4>\n<\/li>\n<\/ul>\n<\/blockquote>\n","protected":false},"excerpt":{"rendered":"<p>&nbsp; M\u00dc\u00dcGITINGIMUSED &nbsp; Vastame teie kirjale esimesel v\u00f5imalusel! Meie kliendid: S\u00f5jav\u00e4gi Koolid \u00dclikoolid Spordiklubid J\u00f5usaalid Hotellid Eraisikud Politsei Tulet\u00f5rje Kliinikud Taastusravikliinikud Kontorid<\/p>\n","protected":false},"author":1,"featured_media":0,"parent":0,"menu_order":0,"comment_status":"closed","ping_status":"closed","template":"template-no-sidebar.php","meta":{"_acf_changed":false,"footnotes":""},"class_list":["post-19","page","type-page","status-publish","hentry"],"translation":{"provider":"WPGlobus","version":"3.0.0","language":"ee","enabled_languages":["en","ee"],"languages":{"en":{"title":true,"content":true,"excerpt":false},"ee":{"title":true,"content":true,"excerpt":false}}},"acf":[],"yoast_head":"<!-- This site is optimized with the Yoast SEO plugin v24.3 - https:\/\/yoast.com\/wordpress\/plugins\/seo\/ -->\n<title>M\u00fc\u00fck - WristEquipment<\/title>\n<meta name=\"robots\" content=\"index, follow, max-snippet:-1, max-image-preview:large, max-video-preview:-1\" \/>\n<link rel=\"canonical\" href=\"http:\/\/wristequipment.com\/sales\/\" \/>\n<meta property=\"og:locale\" content=\"et_EE\" \/>\n<meta property=\"og:type\" content=\"article\" \/>\n<meta property=\"og:title\" content=\"M\u00fc\u00fck - WristEquipment\" \/>\n<meta property=\"og:url\" content=\"http:\/\/wristequipment.com\/sales\/\" \/>\n<meta property=\"og:site_name\" content=\"WristEquipment\" \/>\n<meta property=\"article:modified_time\" content=\"2021-05-04T06:25:47+00:00\" \/>\n<meta name=\"twitter:card\" content=\"summary_large_image\" \/>\n<script type=\"application\/ld+json\" class=\"yoast-schema-graph\">{\"@context\":\"https:\/\/schema.org\",\"@graph\":[{\"@type\":\"WebPage\",\"@id\":\"http:\/\/wristequipment.com\/sales\/\",\"url\":\"http:\/\/wristequipment.com\/sales\/\",\"name\":\"M\u00fc\u00fck - WristEquipment\",\"isPartOf\":{\"@id\":\"http:\/\/wristequipment.com\/#website\"},\"datePublished\":\"2017-01-12T12:51:42+00:00\",\"dateModified\":\"2021-05-04T06:25:47+00:00\",\"breadcrumb\":{\"@id\":\"http:\/\/wristequipment.com\/sales\/#breadcrumb\"},\"inLanguage\":\"et-EE\",\"potentialAction\":[{\"@type\":\"ReadAction\",\"target\":[\"http:\/\/wristequipment.com\/sales\/\"]}]},{\"@type\":\"BreadcrumbList\",\"@id\":\"http:\/\/wristequipment.com\/sales\/#breadcrumb\",\"itemListElement\":[{\"@type\":\"ListItem\",\"position\":1,\"name\":\"Home\",\"item\":\"http:\/\/wristequipment.com\/\"},{\"@type\":\"ListItem\",\"position\":2,\"name\":\"Sales\"}]},{\"@type\":\"WebSite\",\"@id\":\"http:\/\/wristequipment.com\/#website\",\"url\":\"http:\/\/wristequipment.com\/\",\"name\":\"WristEquipment\",\"description\":\"Professionaalsed treeningseadmed\",\"potentialAction\":[{\"@type\":\"SearchAction\",\"target\":{\"@type\":\"EntryPoint\",\"urlTemplate\":\"http:\/\/wristequipment.com\/?s={search_term_string}\"},\"query-input\":{\"@type\":\"PropertyValueSpecification\",\"valueRequired\":true,\"valueName\":\"search_term_string\"}}],\"inLanguage\":\"et-EE\"}]}<\/script>\n<!-- \/ Yoast SEO plugin. -->","yoast_head_json":{"title":"M\u00fc\u00fck - WristEquipment","robots":{"index":"index","follow":"follow","max-snippet":"max-snippet:-1","max-image-preview":"max-image-preview:large","max-video-preview":"max-video-preview:-1"},"canonical":"http:\/\/wristequipment.com\/sales\/","og_locale":"et_EE","og_type":"article","og_title":"M\u00fc\u00fck - WristEquipment","og_url":"http:\/\/wristequipment.com\/sales\/","og_site_name":"WristEquipment","article_modified_time":"2021-05-04T06:25:47+00:00","twitter_card":"summary_large_image","schema":{"@context":"https:\/\/schema.org","@graph":[{"@type":"WebPage","@id":"http:\/\/wristequipment.com\/sales\/","url":"http:\/\/wristequipment.com\/sales\/","name":"M\u00fc\u00fck - WristEquipment","isPartOf":{"@id":"http:\/\/wristequipment.com\/#website"},"datePublished":"2017-01-12T12:51:42+00:00","dateModified":"2021-05-04T06:25:47+00:00","breadcrumb":{"@id":"http:\/\/wristequipment.com\/sales\/#breadcrumb"},"inLanguage":"et-EE","potentialAction":[{"@type":"ReadAction","target":["http:\/\/wristequipment.com\/sales\/"]}]},{"@type":"BreadcrumbList","@id":"http:\/\/wristequipment.com\/sales\/#breadcrumb","itemListElement":[{"@type":"ListItem","position":1,"name":"Home","item":"http:\/\/wristequipment.com\/"},{"@type":"ListItem","position":2,"name":"Sales"}]},{"@type":"WebSite","@id":"http:\/\/wristequipment.com\/#website","url":"http:\/\/wristequipment.com\/","name":"WristEquipment","description":"Professionaalsed treeningseadmed","potentialAction":[{"@type":"SearchAction","target":{"@type":"EntryPoint","urlTemplate":"http:\/\/wristequipment.com\/?s={search_term_string}"},"query-input":{"@type":"PropertyValueSpecification","valueRequired":true,"valueName":"search_term_string"}}],"inLanguage":"et-EE"}]}},"_links":{"self":[{"href":"http:\/\/wristequipment.com\/ee\/wp-json\/wp\/v2\/pages\/19","targetHints":{"allow":["GET"]}}],"collection":[{"href":"http:\/\/wristequipment.com\/ee\/wp-json\/wp\/v2\/pages"}],"about":[{"href":"http:\/\/wristequipment.com\/ee\/wp-json\/wp\/v2\/types\/page"}],"author":[{"embeddable":true,"href":"http:\/\/wristequipment.com\/ee\/wp-json\/wp\/v2\/users\/1"}],"replies":[{"embeddable":true,"href":"http:\/\/wristequipment.com\/ee\/wp-json\/wp\/v2\/comments?post=19"}],"version-history":[{"count":5,"href":"http:\/\/wristequipment.com\/ee\/wp-json\/wp\/v2\/pages\/19\/revisions"}],"predecessor-version":[{"id":781,"href":"http:\/\/wristequipment.com\/ee\/wp-json\/wp\/v2\/pages\/19\/revisions\/781"}],"wp:attachment":[{"href":"http:\/\/wristequipment.com\/ee\/wp-json\/wp\/v2\/media?parent=19"}],"curies":[{"name":"wp","href":"https:\/\/api.w.org\/{rel}","templated":true}]}}