{"id":16,"date":"2017-01-12T12:51:42","date_gmt":"2017-01-12T12:51:42","guid":{"rendered":"http:\/\/wristequipment.com\/?page_id=16"},"modified":"2021-05-04T06:25:47","modified_gmt":"2021-05-04T06:25:47","slug":"contact-us","status":"publish","type":"page","link":"http:\/\/wristequipment.com\/ee\/contact-us\/","title":{"rendered":"Kontakt"},"content":{"rendered":"<h2><em><strong>Kui olete huvitatud meie toodetest, siis palun v\u00f5tke \u00fchendust maili v\u00f5i telefoni teel. \u00dcheskoos j\u00f5uame kokkuleppeni hinna, toote ja transpordi suhtes.<\/strong><\/em><\/h2>\n","protected":false},"excerpt":{"rendered":"<p>Kui olete huvitatud meie toodetest, siis palun v\u00f5tke \u00fchendust maili v\u00f5i telefoni teel. \u00dcheskoos j\u00f5uame kokkuleppeni hinna, toote ja transpordi suhtes.<\/p>\n","protected":false},"author":1,"featured_media":0,"parent":0,"menu_order":0,"comment_status":"closed","ping_status":"closed","template":"template-contact.php","meta":{"_acf_changed":false,"footnotes":""},"class_list":["post-16","page","type-page","status-publish","hentry"],"translation":{"provider":"WPGlobus","version":"3.0.0","language":"ee","enabled_languages":["en","ee"],"languages":{"en":{"title":true,"content":true,"excerpt":false},"ee":{"title":true,"content":true,"excerpt":false}}},"acf":[],"yoast_head":"<!-- This site is optimized with the Yoast SEO plugin v24.3 - https:\/\/yoast.com\/wordpress\/plugins\/seo\/ -->\n<title>Kontakt - WristEquipment<\/title>\n<meta name=\"robots\" content=\"index, follow, max-snippet:-1, max-image-preview:large, max-video-preview:-1\" \/>\n<link rel=\"canonical\" href=\"http:\/\/wristequipment.com\/contact-us\/\" \/>\n<meta property=\"og:locale\" content=\"et_EE\" \/>\n<meta property=\"og:type\" content=\"article\" \/>\n<meta property=\"og:title\" content=\"Kontakt - WristEquipment\" \/>\n<meta property=\"og:url\" content=\"http:\/\/wristequipment.com\/contact-us\/\" \/>\n<meta property=\"og:site_name\" content=\"WristEquipment\" \/>\n<meta property=\"article:modified_time\" content=\"2021-05-04T06:25:47+00:00\" \/>\n<meta name=\"twitter:card\" content=\"summary_large_image\" \/>\n<script type=\"application\/ld+json\" class=\"yoast-schema-graph\">{\"@context\":\"https:\/\/schema.org\",\"@graph\":[{\"@type\":\"WebPage\",\"@id\":\"http:\/\/wristequipment.com\/contact-us\/\",\"url\":\"http:\/\/wristequipment.com\/contact-us\/\",\"name\":\"Kontakt - WristEquipment\",\"isPartOf\":{\"@id\":\"http:\/\/wristequipment.com\/#website\"},\"datePublished\":\"2017-01-12T12:51:42+00:00\",\"dateModified\":\"2021-05-04T06:25:47+00:00\",\"breadcrumb\":{\"@id\":\"http:\/\/wristequipment.com\/contact-us\/#breadcrumb\"},\"inLanguage\":\"et-EE\",\"potentialAction\":[{\"@type\":\"ReadAction\",\"target\":[\"http:\/\/wristequipment.com\/contact-us\/\"]}]},{\"@type\":\"BreadcrumbList\",\"@id\":\"http:\/\/wristequipment.com\/contact-us\/#breadcrumb\",\"itemListElement\":[{\"@type\":\"ListItem\",\"position\":1,\"name\":\"Home\",\"item\":\"http:\/\/wristequipment.com\/\"},{\"@type\":\"ListItem\",\"position\":2,\"name\":\"Contact Us\"}]},{\"@type\":\"WebSite\",\"@id\":\"http:\/\/wristequipment.com\/#website\",\"url\":\"http:\/\/wristequipment.com\/\",\"name\":\"WristEquipment\",\"description\":\"Professionaalsed treeningseadmed\",\"potentialAction\":[{\"@type\":\"SearchAction\",\"target\":{\"@type\":\"EntryPoint\",\"urlTemplate\":\"http:\/\/wristequipment.com\/?s={search_term_string}\"},\"query-input\":{\"@type\":\"PropertyValueSpecification\",\"valueRequired\":true,\"valueName\":\"search_term_string\"}}],\"inLanguage\":\"et-EE\"}]}<\/script>\n<!-- \/ Yoast SEO plugin. -->","yoast_head_json":{"title":"Kontakt - WristEquipment","robots":{"index":"index","follow":"follow","max-snippet":"max-snippet:-1","max-image-preview":"max-image-preview:large","max-video-preview":"max-video-preview:-1"},"canonical":"http:\/\/wristequipment.com\/contact-us\/","og_locale":"et_EE","og_type":"article","og_title":"Kontakt - WristEquipment","og_url":"http:\/\/wristequipment.com\/contact-us\/","og_site_name":"WristEquipment","article_modified_time":"2021-05-04T06:25:47+00:00","twitter_card":"summary_large_image","schema":{"@context":"https:\/\/schema.org","@graph":[{"@type":"WebPage","@id":"http:\/\/wristequipment.com\/contact-us\/","url":"http:\/\/wristequipment.com\/contact-us\/","name":"Kontakt - WristEquipment","isPartOf":{"@id":"http:\/\/wristequipment.com\/#website"},"datePublished":"2017-01-12T12:51:42+00:00","dateModified":"2021-05-04T06:25:47+00:00","breadcrumb":{"@id":"http:\/\/wristequipment.com\/contact-us\/#breadcrumb"},"inLanguage":"et-EE","potentialAction":[{"@type":"ReadAction","target":["http:\/\/wristequipment.com\/contact-us\/"]}]},{"@type":"BreadcrumbList","@id":"http:\/\/wristequipment.com\/contact-us\/#breadcrumb","itemListElement":[{"@type":"ListItem","position":1,"name":"Home","item":"http:\/\/wristequipment.com\/"},{"@type":"ListItem","position":2,"name":"Contact Us"}]},{"@type":"WebSite","@id":"http:\/\/wristequipment.com\/#website","url":"http:\/\/wristequipment.com\/","name":"WristEquipment","description":"Professionaalsed treeningseadmed","potentialAction":[{"@type":"SearchAction","target":{"@type":"EntryPoint","urlTemplate":"http:\/\/wristequipment.com\/?s={search_term_string}"},"query-input":{"@type":"PropertyValueSpecification","valueRequired":true,"valueName":"search_term_string"}}],"inLanguage":"et-EE"}]}},"_links":{"self":[{"href":"http:\/\/wristequipment.com\/ee\/wp-json\/wp\/v2\/pages\/16","targetHints":{"allow":["GET"]}}],"collection":[{"href":"http:\/\/wristequipment.com\/ee\/wp-json\/wp\/v2\/pages"}],"about":[{"href":"http:\/\/wristequipment.com\/ee\/wp-json\/wp\/v2\/types\/page"}],"author":[{"embeddable":true,"href":"http:\/\/wristequipment.com\/ee\/wp-json\/wp\/v2\/users\/1"}],"replies":[{"embeddable":true,"href":"http:\/\/wristequipment.com\/ee\/wp-json\/wp\/v2\/comments?post=16"}],"version-history":[{"count":5,"href":"http:\/\/wristequipment.com\/ee\/wp-json\/wp\/v2\/pages\/16\/revisions"}],"predecessor-version":[{"id":511,"href":"http:\/\/wristequipment.com\/ee\/wp-json\/wp\/v2\/pages\/16\/revisions\/511"}],"wp:attachment":[{"href":"http:\/\/wristequipment.com\/ee\/wp-json\/wp\/v2\/media?parent=16"}],"curies":[{"name":"wp","href":"https:\/\/api.w.org\/{rel}","templated":true}]}}