{"id":124,"date":"2017-01-22T13:09:25","date_gmt":"2017-01-22T13:09:25","guid":{"rendered":"http:\/\/wristequipment.com\/?page_id=124"},"modified":"2021-05-04T06:25:47","modified_gmt":"2021-05-04T06:25:47","slug":"sail-balance-board-hand-massage","status":"publish","type":"page","link":"http:\/\/wristequipment.com\/ee\/products\/sail-balance-board-hand-massage\/","title":{"rendered":"Sail &#8211; Purjekas"},"content":{"rendered":"<h5 style=\"text-align: center;\"><img loading=\"lazy\" decoding=\"async\" class=\"aligncenter wp-image-739 size-wcstandard\" src=\"http:\/\/wristequipment.com\/wp-content\/uploads\/2017\/01\/saiT-550x204.png\" alt=\"\" width=\"550\" height=\"204\" srcset=\"http:\/\/wristequipment.com\/wp-content\/uploads\/2017\/01\/saiT-550x204.png 550w, http:\/\/wristequipment.com\/wp-content\/uploads\/2017\/01\/saiT-300x111.png 300w, http:\/\/wristequipment.com\/wp-content\/uploads\/2017\/01\/saiT-768x284.png 768w, http:\/\/wristequipment.com\/wp-content\/uploads\/2017\/01\/saiT-250x93.png 250w, http:\/\/wristequipment.com\/wp-content\/uploads\/2017\/01\/saiT-800x296.png 800w, http:\/\/wristequipment.com\/wp-content\/uploads\/2017\/01\/saiT-486x180.png 486w, http:\/\/wristequipment.com\/wp-content\/uploads\/2017\/01\/saiT-810x300.png 810w, http:\/\/wristequipment.com\/wp-content\/uploads\/2017\/01\/saiT.png 851w\" sizes=\"auto, (max-width: 550px) 100vw, 550px\" \/><\/h5>\n<p style=\"text-align: center;\"><span style=\"font-size: 18pt;\"><strong><a href=\"http:\/\/sail.wristequipment.com\">sail.wristequipment.com<\/a><\/strong><\/span><\/p>\n<h5 style=\"text-align: center;\"><\/h5>\n<h5 style=\"text-align: center;\"><div class=\"custombtn\" style=\"text-align:center\">\t\r\n\t   <a class=\"morebutton\" href=\"http:\/\/wristequipment.com\/wp-content\/uploads\/2017\/02\/Sail.pdf\">Sail PDF<\/a>\t   \t   \r\n\t<\/div><\/h5>\n<p>&nbsp;<\/p>\n<p><strong><em>Purjekas <\/em><\/strong>s\u00fcndis t\u00e4nu kunstnik Urve K\u00fcttnerile, kes tuli m\u00f5ttele luua funktsionaalne taies, milles on \u00fchendatud looming, looduslik materjal ja tervislik heaolu. <strong><em>Purjekas <\/em><\/strong>on \u201ekaks \u00fches\u201c toode \u2013 terviseseade ja disainielement, mida saab uhkusega esitleda kodus v\u00f5i kontoris. Oleme harjunud, et kunstniku looming on midagi, mida saab imetleda n\u00e4itustel v\u00f5i ruumikujunduses ja millel tihtpeale puudub praktiline kasutus. K\u00f5nealuse taiese puhul on tegemist sisustuselemendiga, mis sobib nii b\u00fcrooruumidesse kui ka koju peites endas terviseseadet, mille kasutamine hoiab \u00e4ra istuvas asendis t\u00f6\u00f6d tegevatel inimestel s\u00fcdame- ja alaseljavaegusi ning paljuesinevat \u201ehiirehaigust\u201c. \u00d5ige treeningasendi aitas v\u00e4ljat\u00f6\u00f6tada \u0160veitsi taastusravi terapeut Ruth Aukia-Liechti ning sobivad harjutused koostas judokas ja spordimass\u00f6\u00f6r Martin Padar.<\/p>\n<p>&nbsp;<\/p>\n<p><strong>Martin Padari esitlus Loov Eesti koolituselt<\/strong><\/p>\n<blockquote><p>Tere, minu nimi on Martin Padar, ma olen judo euroopa meister ja t\u00f6\u00f6tan mass\u00f6\u00f6rina. Ma heameelega tutvustan teile mitmefunktsionaalset ja uudset kontoritrenaz\u00f6\u00f6ri SAIL. Oma t\u00f6\u00f6s ma n\u00e4en v\u00e4ga palju inimesi kelle staatiline t\u00f6\u00f6asend tekitab neile s\u00fcdame- ja alaseljavaegusi ning randmekanali s\u00fcndroomi ehk \u201ehiirehaigust\u201c. T\u00e4nu pensioniea t\u00f5usule t\u00f6\u00f6tajate keskmine vanus t\u00f5useb ja paljud neist vanemaealistest inimestest ei tegele spordiga ja j\u00e4\u00e4vad aina rohkem aktiivsest elust k\u00f5rvale. Selline tendents tekitab probleeme t\u00f6\u00f6andjatele, sest t\u00f6\u00f6tajate tervis ja optimistlik ellusuhtumine kajastub kindlasti ka t\u00f6\u00f6tulemustes. Paljudesse kontoritesse aga ei sobi treeningsaalidele m\u00f5eldud trena\u017e\u00f6\u00f6rid, mis v\u00f5ib hakata h\u00e4irima ruumi \u00fcldist interj\u00f6\u00f6ri.<\/p>\n<p>Kunstnik Urve K\u00fcttner ja spordiseadmete disainer Gunnar Kaur tulid sellest ajaendatuna m\u00f5ttele luua funktsionaalne taies, milles on \u00fchendatud looming, looduslik materjal ja tervislik heaolu. Oleme harjunud, et kunstniku looming on midagi, mida saab imetleda n\u00e4itustel v\u00f5i ruumikujunduses ja millel enamasti puudub praktiline kasutus. K\u00f5nealuse taiese puhul on tegemist sisustuselemendiga, mis sobib nii b\u00fcrooruumidesse kui ka koju peites endas terviseseadet, millega saab teha harjutusi randmetele, k\u00e4sivartele ja alakehale. Innovaatiline seade on tehtud vineerist ja tema \u00f5iget treeningasendit aitas v\u00e4ljat\u00f6\u00f6tada sveitsi taastusravi terapeut Ruth Aukia-Liechti. Mina (Marti Padar) panin kokku erinevad harjutuskavad, mis sobivad erinevatele kasutajatele.<\/p>\n<p>Sellest tulenevalt pakume me t\u00f6\u00f6andjatele kontoritrenaz\u00f6\u00f6ri SAIL, mis koosneb tasakaalu lauast(balance boards) ja randme treenimis masinast(wrist exercise machine). Trenaz\u00f6\u00f6ri alumises osas on tasakaalu laud ja \u00fclemise osas randme treenimis masin nii et trenaz\u00f6\u00f6ril seistes harjutusi tehes saab koormuse alakeha, k\u00e4ed ja \u00f5lad. SAIL-i \u00fclesanne on p\u00f5hiliselt lihaspingete leevendamine ja verevarustuse parandamine. Tasakaalulaua ja randmetrenaz\u00f6\u00f6ri juba ainult paarik\u00fcmne sekundiline kasutamine annab kohe soovitud tulemusi ja on mugav kasutada.<\/p>\n<p>Firma ArtWorkoutTherapy O\u00dc strateegia on suunatud originaaldisaini \u00fchendamisele olemasoleva tehnoloogiaga, et tuua toode nii kontorit\u00f6\u00f6tajateni kui ka kodutarbijateni. Uudset toodet SAIL v\u00f5ib oma olemuselt nimetada terviseseadmeks kui ka kasulikuks sisustuselemendiks.<\/p>\n<p>Ja veelkord r\u00f5hutame fakti &#8211; The American Journal of Epidemiology reports that 86% of the American force sits for over 7 hours a day, and 80% of us truly hate sitting.<\/p><\/blockquote>\n","protected":false},"excerpt":{"rendered":"<p>sail.wristequipment.com &nbsp; Purjekas s\u00fcndis t\u00e4nu kunstnik Urve K\u00fcttnerile, kes tuli m\u00f5ttele luua funktsionaalne taies, milles on \u00fchendatud looming, looduslik materjal ja tervislik heaolu. Purjekas on \u201ekaks \u00fches\u201c toode \u2013 terviseseade ja disainielement, mida saab uhkusega esitleda kodus v\u00f5i kontoris. Oleme harjunud, et kunstniku looming on midagi, mida saab imetleda n\u00e4itustel v\u00f5i ruumikujunduses ja millel tihtpeale puudub praktiline kasutus. K\u00f5nealuse taiese puhul on tegemist sisustuselemendiga, mis sobib nii b\u00fcrooruumidesse kui ka koju peites endas terviseseadet, mille kasutamine hoiab \u00e4ra istuvas asendis t\u00f6\u00f6d tegevatel inimestel s\u00fcdame- ja alaseljavaegusi ning paljuesinevat \u201ehiirehaigust\u201c. \u00d5ige treeningasendi aitas v\u00e4ljat\u00f6\u00f6tada \u0160veitsi taastusravi terapeut Ruth Aukia-Liechti ning sobivad&#8230; <\/p>\n","protected":false},"author":1,"featured_media":426,"parent":7,"menu_order":0,"comment_status":"closed","ping_status":"closed","template":"template-full-width.php","meta":{"_acf_changed":false,"footnotes":""},"class_list":["post-124","page","type-page","status-publish","has-post-thumbnail","hentry"],"translation":{"provider":"WPGlobus","version":"3.0.0","language":"ee","enabled_languages":["en","ee"],"languages":{"en":{"title":true,"content":true,"excerpt":false},"ee":{"title":true,"content":true,"excerpt":false}}},"acf":[],"yoast_head":"<!-- This site is optimized with the Yoast SEO plugin v24.3 - https:\/\/yoast.com\/wordpress\/plugins\/seo\/ -->\n<title>SAIL - balance board with hand massage is a great design element into homes or offices<\/title>\n<meta name=\"robots\" content=\"index, follow, max-snippet:-1, max-image-preview:large, max-video-preview:-1\" \/>\n<link rel=\"canonical\" href=\"http:\/\/wristequipment.com\/products\/sail-balance-board-hand-massage\/\" \/>\n<meta property=\"og:locale\" content=\"et_EE\" \/>\n<meta property=\"og:type\" content=\"article\" \/>\n<meta property=\"og:title\" content=\"Sail - Purjekas - WristEquipment\" \/>\n<meta property=\"og:url\" content=\"http:\/\/wristequipment.com\/products\/sail-balance-board-hand-massage\/\" \/>\n<meta property=\"og:site_name\" content=\"WristEquipment\" \/>\n<meta property=\"article:modified_time\" content=\"2021-05-04T06:25:47+00:00\" \/>\n<meta property=\"og:image\" content=\"http:\/\/wristequipment.com\/wp-content\/uploads\/2017\/01\/sail-banner-1.png\" \/>\n\t<meta property=\"og:image:width\" content=\"1420\" \/>\n\t<meta property=\"og:image:height\" content=\"300\" \/>\n\t<meta property=\"og:image:type\" content=\"image\/png\" \/>\n<meta name=\"twitter:card\" content=\"summary_large_image\" \/>\n<meta name=\"twitter:label1\" content=\"Est. reading time\" \/>\n\t<meta name=\"twitter:data1\" content=\"6 minutes\" \/>\n<script type=\"application\/ld+json\" class=\"yoast-schema-graph\">{\"@context\":\"https:\/\/schema.org\",\"@graph\":[{\"@type\":\"WebPage\",\"@id\":\"http:\/\/wristequipment.com\/products\/sail-balance-board-hand-massage\/\",\"url\":\"http:\/\/wristequipment.com\/products\/sail-balance-board-hand-massage\/\",\"name\":\"SAIL - balance board with hand massage is a great design element into homes or offices\",\"isPartOf\":{\"@id\":\"http:\/\/wristequipment.com\/#website\"},\"primaryImageOfPage\":{\"@id\":\"http:\/\/wristequipment.com\/products\/sail-balance-board-hand-massage\/#primaryimage\"},\"image\":{\"@id\":\"http:\/\/wristequipment.com\/products\/sail-balance-board-hand-massage\/#primaryimage\"},\"thumbnailUrl\":\"http:\/\/wristequipment.com\/wp-content\/uploads\/2017\/01\/sail-banner-1.png\",\"datePublished\":\"2017-01-22T13:09:25+00:00\",\"dateModified\":\"2021-05-04T06:25:47+00:00\",\"description\":\"SAIL is functional artwork, which can be called \\\"two in one\\\" product \u2013 design element and health device. Design is created by Estonian artist Urve K\u00fcttner.\",\"breadcrumb\":{\"@id\":\"http:\/\/wristequipment.com\/products\/sail-balance-board-hand-massage\/#breadcrumb\"},\"inLanguage\":\"et-EE\",\"potentialAction\":[{\"@type\":\"ReadAction\",\"target\":[\"http:\/\/wristequipment.com\/products\/sail-balance-board-hand-massage\/\"]}]},{\"@type\":\"ImageObject\",\"inLanguage\":\"et-EE\",\"@id\":\"http:\/\/wristequipment.com\/products\/sail-balance-board-hand-massage\/#primaryimage\",\"url\":\"http:\/\/wristequipment.com\/wp-content\/uploads\/2017\/01\/sail-banner-1.png\",\"contentUrl\":\"http:\/\/wristequipment.com\/wp-content\/uploads\/2017\/01\/sail-banner-1.png\",\"width\":1420,\"height\":300},{\"@type\":\"BreadcrumbList\",\"@id\":\"http:\/\/wristequipment.com\/products\/sail-balance-board-hand-massage\/#breadcrumb\",\"itemListElement\":[{\"@type\":\"ListItem\",\"position\":1,\"name\":\"Home\",\"item\":\"http:\/\/wristequipment.com\/\"},{\"@type\":\"ListItem\",\"position\":2,\"name\":\"Tooted\",\"item\":\"https:\/\/wristequipment.com\/ee\/products\/\"},{\"@type\":\"ListItem\",\"position\":3,\"name\":\"Sail\"}]},{\"@type\":\"WebSite\",\"@id\":\"http:\/\/wristequipment.com\/#website\",\"url\":\"http:\/\/wristequipment.com\/\",\"name\":\"WristEquipment\",\"description\":\"Professionaalsed treeningseadmed\",\"potentialAction\":[{\"@type\":\"SearchAction\",\"target\":{\"@type\":\"EntryPoint\",\"urlTemplate\":\"http:\/\/wristequipment.com\/?s={search_term_string}\"},\"query-input\":{\"@type\":\"PropertyValueSpecification\",\"valueRequired\":true,\"valueName\":\"search_term_string\"}}],\"inLanguage\":\"et-EE\"}]}<\/script>\n<!-- \/ Yoast SEO plugin. -->","yoast_head_json":{"title":"SAIL - balance board with hand massage is a great design element into homes or offices","robots":{"index":"index","follow":"follow","max-snippet":"max-snippet:-1","max-image-preview":"max-image-preview:large","max-video-preview":"max-video-preview:-1"},"canonical":"http:\/\/wristequipment.com\/products\/sail-balance-board-hand-massage\/","og_locale":"et_EE","og_type":"article","og_title":"Sail - Purjekas - WristEquipment","og_url":"http:\/\/wristequipment.com\/products\/sail-balance-board-hand-massage\/","og_site_name":"WristEquipment","article_modified_time":"2021-05-04T06:25:47+00:00","og_image":[{"width":1420,"height":300,"url":"http:\/\/wristequipment.com\/wp-content\/uploads\/2017\/01\/sail-banner-1.png","type":"image\/png"}],"twitter_card":"summary_large_image","twitter_misc":{"Est. reading time":"6 minutes"},"schema":{"@context":"https:\/\/schema.org","@graph":[{"@type":"WebPage","@id":"http:\/\/wristequipment.com\/products\/sail-balance-board-hand-massage\/","url":"http:\/\/wristequipment.com\/products\/sail-balance-board-hand-massage\/","name":"SAIL - balance board with hand massage is a great design element into homes or offices","isPartOf":{"@id":"http:\/\/wristequipment.com\/#website"},"primaryImageOfPage":{"@id":"http:\/\/wristequipment.com\/products\/sail-balance-board-hand-massage\/#primaryimage"},"image":{"@id":"http:\/\/wristequipment.com\/products\/sail-balance-board-hand-massage\/#primaryimage"},"thumbnailUrl":"http:\/\/wristequipment.com\/wp-content\/uploads\/2017\/01\/sail-banner-1.png","datePublished":"2017-01-22T13:09:25+00:00","dateModified":"2021-05-04T06:25:47+00:00","description":"SAIL is functional artwork, which can be called \"two in one\" product \u2013 design element and health device. Design is created by Estonian artist Urve K\u00fcttner.","breadcrumb":{"@id":"http:\/\/wristequipment.com\/products\/sail-balance-board-hand-massage\/#breadcrumb"},"inLanguage":"et-EE","potentialAction":[{"@type":"ReadAction","target":["http:\/\/wristequipment.com\/products\/sail-balance-board-hand-massage\/"]}]},{"@type":"ImageObject","inLanguage":"et-EE","@id":"http:\/\/wristequipment.com\/products\/sail-balance-board-hand-massage\/#primaryimage","url":"http:\/\/wristequipment.com\/wp-content\/uploads\/2017\/01\/sail-banner-1.png","contentUrl":"http:\/\/wristequipment.com\/wp-content\/uploads\/2017\/01\/sail-banner-1.png","width":1420,"height":300},{"@type":"BreadcrumbList","@id":"http:\/\/wristequipment.com\/products\/sail-balance-board-hand-massage\/#breadcrumb","itemListElement":[{"@type":"ListItem","position":1,"name":"Home","item":"http:\/\/wristequipment.com\/"},{"@type":"ListItem","position":2,"name":"Tooted","item":"https:\/\/wristequipment.com\/ee\/products\/"},{"@type":"ListItem","position":3,"name":"Sail"}]},{"@type":"WebSite","@id":"http:\/\/wristequipment.com\/#website","url":"http:\/\/wristequipment.com\/","name":"WristEquipment","description":"Professionaalsed treeningseadmed","potentialAction":[{"@type":"SearchAction","target":{"@type":"EntryPoint","urlTemplate":"http:\/\/wristequipment.com\/?s={search_term_string}"},"query-input":{"@type":"PropertyValueSpecification","valueRequired":true,"valueName":"search_term_string"}}],"inLanguage":"et-EE"}]}},"_links":{"self":[{"href":"http:\/\/wristequipment.com\/ee\/wp-json\/wp\/v2\/pages\/124","targetHints":{"allow":["GET"]}}],"collection":[{"href":"http:\/\/wristequipment.com\/ee\/wp-json\/wp\/v2\/pages"}],"about":[{"href":"http:\/\/wristequipment.com\/ee\/wp-json\/wp\/v2\/types\/page"}],"author":[{"embeddable":true,"href":"http:\/\/wristequipment.com\/ee\/wp-json\/wp\/v2\/users\/1"}],"replies":[{"embeddable":true,"href":"http:\/\/wristequipment.com\/ee\/wp-json\/wp\/v2\/comments?post=124"}],"version-history":[{"count":5,"href":"http:\/\/wristequipment.com\/ee\/wp-json\/wp\/v2\/pages\/124\/revisions"}],"predecessor-version":[{"id":740,"href":"http:\/\/wristequipment.com\/ee\/wp-json\/wp\/v2\/pages\/124\/revisions\/740"}],"up":[{"embeddable":true,"href":"http:\/\/wristequipment.com\/ee\/wp-json\/wp\/v2\/pages\/7"}],"wp:featuredmedia":[{"embeddable":true,"href":"http:\/\/wristequipment.com\/ee\/wp-json\/wp\/v2\/media\/426"}],"wp:attachment":[{"href":"http:\/\/wristequipment.com\/ee\/wp-json\/wp\/v2\/media?parent=124"}],"curies":[{"name":"wp","href":"https:\/\/api.w.org\/{rel}","templated":true}]}}