{"id":122,"date":"2017-01-22T13:08:20","date_gmt":"2017-01-22T13:08:20","guid":{"rendered":"http:\/\/wristequipment.com\/?page_id=122"},"modified":"2021-05-04T06:25:47","modified_gmt":"2021-05-04T06:25:47","slug":"wristequipment","status":"publish","type":"page","link":"http:\/\/wristequipment.com\/ee\/products\/wristequipment\/","title":{"rendered":"Wristequipment"},"content":{"rendered":"<div class=\"custombtn\" style=\"text-align:center\">\t\r\n\t   <a class=\"morebutton\" href=\"http:\/\/wristequipment.com\/wp-content\/uploads\/2017\/03\/TOOTEKIRJELDUS_WE.pdf\">Wrist Equipment Tootekirjeldus EST<\/a>\t   \t   \r\n\t<\/div>\n<div class=\"hr\"><\/div>\n<p>&nbsp;<\/p>\n<p><img loading=\"lazy\" decoding=\"async\" class=\"aligncenter wp-image-39\" src=\"http:\/\/wristequipment.com\/wp-content\/uploads\/2017\/01\/slide3.png\" alt=\"\" width=\"518\" height=\"224\" \/><\/p>\n<h3 style=\"text-align: center;\">SPORDIST LIHASTE TAASTAMISENI<\/h3>\n<p style=\"text-align: left;\">T\u00e4nu oma mitmekesisusele, kus saab sooritada palju erinevaid treeningharjutusi, Wrist Equipment kuulub\u00a0 treeningseadmete\u00a0 r\u00fchma, mille esimene mudel\u00a0 oli projekteeritud ja\u00a0 valmistatud terapeutide ning spordiarstide n\u00f5uannete j\u00e4rgi nii treeninguteks kui ka\u00a0 taastusraviks. Multifunktsionaalne vabaraskusega treeningseade, mille v\u00e4ljat\u00f6\u00f6tamise eesm\u00e4rk oli leida efektiivne, lihtne ja samas usaldusv\u00e4\u00e4rne asendaja harjutuskangiga treenimiseks.<\/p>\n<p style=\"text-align: left;\">Wrist Equipment sobib igat t\u00fc\u00fcpi sportlasele &#8211; nii professionaalile, harrastajale kui ka algajale, sest temaga treenimine on lihtne, mugav ja v\u00e4ga t\u00f5hus. Valides \u00f5ige raskuse ja harjutuste sageduse\u00a0 v\u00f5ib treenija\u00a0 kergelt kasvatada oma lihasmassi v\u00f5i hoopis vormida oma k\u00e4sivarsi sihvakamaks.\u00a0 Wrist Equipmentil kasutatakse raskustena kangikettaid, harjutuse algraskus on 0kg ja maksimum rohkem kui 160kg. Null raskune algraskus on just eriti vajalik taastusravi osutajatele, sest patsiendil on ravi algfaasis hea seadmele toetudes esimesi harjutusi teha. Sobib ideaalselt ka \u00f5la-, k\u00e4e- ja randmevigastuste taastusraviks.<\/p>\n<p>&nbsp;<\/p>\n<p><img loading=\"lazy\" decoding=\"async\" class=\"aligncenter wp-image-470\" src=\"http:\/\/wristequipment.com\/wp-content\/uploads\/2017\/02\/pildid.png\" alt=\"\" width=\"274\" height=\"494\" \/><\/p>\n<p>&nbsp;<\/p>\n<h3 style=\"text-align: center;\"><strong>WRIST EQUIPMENT&#8217;iga TREENING<\/strong><\/h3>\n<p>Suurte raskustega treenijatel on Wrist Equipment v\u00e4ga ohutu alternatiiv kangi v\u00f5i hantlitega randme treenimiseks. On v\u00e4ga sobiv k\u00e4sivarre,\u00a0 randme ja s\u00f5rmede ohutuks treenimiseks, mille tulemusel tugevneb k\u00fc\u00fcnarvars ja haardetugevus. Maksimaalse koormusega kangiharjutusi tehes on kangi stabiilsena hoidmine \u00fcsna ebamugav ja randmeliigeste vigastused on kerged tulema, samas Wrist Equipment on kindlalt tasakaalus ja kogu t\u00e4helepanu l\u00e4heb harjutuse sooritamiseks.\u00a0 Randmemasinal on ka hea teha soojendusharjutusi, n\u00e4iteks enne p\u00f5hitreeningu algust. K\u00fcmne minutilise treeningu j\u00e4rel on k\u00e4e- ja \u00fclakehalihased p\u00f5hitreeninguks v\u00f5i v\u00f5istluseks soojad ja p\u00e4rast rasket treeningut saab sooritada t\u00f5husaid venitusharjutusi k\u00e4e- ja \u00f5laliigestele. Fitnessi klubides sobib Wrist Equipment just aeroobseks treeninguks. Kerge koormusega seeriaharjutused sobivad istuvas asendis t\u00f6\u00f6tavatele inimestele mille tulemusel vereringlus s\u00f5rmeotstest kuni kaelani aktiviseerub. Liigeste sujuv koormamine hoiab \u00e4ra erinevate sundasendis arvutikasutamisel tulenevatest lihas- ja liigesh\u00e4dadest nagu n\u00e4iteks &#8220;hiirehaigus&#8221; jm. Ka personaaltreenerid saavad lisada ohutuid kuid efektiivseid harjutusi\u00a0 klientide harjutuskavva.<\/p>\n<p>&nbsp;<\/p>\n<h3 style=\"text-align: center;\"><strong>L\u00dcHITUTVUST MASINAST<\/strong><\/h3>\n<p>Wrist Equipmenti ja tema eelk\u00e4ijast randmemasina treeningk\u00f5rgused ja -asendid on v\u00e4ljat\u00f6\u00f6tatud ergonoomikaterapeut dr Ruth Aukia-Liechti poolt, kes praktiseerib Z\u00fcrichi K\u00e4erehabilitatsiooni Kliinikus. Seal on ka kasutusel randmemasina esimene mudel. Eestis on sama mudeli heaks kiitnud dr Mihkel Mardna ja paljud tippsportlased, n\u00e4iteks Gerd Kanter, Martin Padar, Heiki Nabi , mitmed fitnessi klubide treenerid, tennisistid, korv-, k\u00e4si- ja v\u00f5rkpallurid, judokad, raske- ja kergej\u00f5ustliklased, krossis\u00f5itjad jpt. Wrist Equipment on esimese mudeli t\u00e4iustatud versioon, mis projekteeriti kasutajatelt tagasisidena saadud informatsiooni arvesse v\u00f5ttes multifunktsionaalseks treeningseadmeks. Esimesed uued masinad on m\u00fc\u00fcdud ka Soome, ostjateks on olnud nii spordisaalid kui ka teraupeudid. Uus seade sobib k\u00f5ikidele neile sportlaste ja harrastajatele,\u00a0 kelle jaoks on oluline k\u00e4elihaste ja- liigeste tugevdamine, kas siis tulemuste t\u00f5stmiseks spordis v\u00f5i kaotatud lihaste taastamine.\u00a0 T\u00e4nu Wrist Equipmenti v\u00e4ga erinevatele treenimisv\u00f5imalustele sobib seade nii fitnessi-, j\u00f5ut\u00f5ste-, soojendussaalidesse . Uue randmemasina kujundus aitab kaasa ohutule treeningule vigastuste v\u00e4ltimiseks, mist\u00f5ttu on see sobilik taastusraviks , v\u00e4\u00e4rtuslik abivahend vigastuste ravimisel ja nendega tegelemisel.<\/p>\n<p>&nbsp;<\/p>\n<h3 style=\"text-align: center;\">TOOTE ANDMED<\/h3>\n<p>Wrist Equipment on vabaraskusseade millel kasutatakse raskustena kangikettaid. Harjutuse algraskus on 0kg ja maksimum rohkem kui 160kg. Kasutamise teeb lihtsaks\u00a0 v\u00f5imalus kergesti lisada ja \u00e4ra v\u00f5tta raskusi. Treenijale ja seadmele piisab\u00a0 treenimiseks ruutmeetri suurune pind, kergesti teisaldatav, t\u00fchimass 32 kg, m\u00f5\u00f5tmed (mm PxLxK) 600x780x1200,\u00a0 ei vaja kinnitamist p\u00f5randasse v\u00f5i seina. K\u00f5ik liikuvad osad on projekteeritud nende pidevale professionaalsele kasutamisele ja minimaalse hooldamisvajaduse juures usaldusv\u00e4\u00e4rsust ja vastupidavust silmas pidades. Sobib mistahes treenituse tasemega, taastusravi vajadusega v\u00f5i puudega kasutajale. Mugavuse ja kindlama haarde tagamiseks kasutatakse lisavarustusena k\u00e4epidemetel mittelibisevaid \u00fcmbriseid. K\u00e4epideme materjalil on nakkuv pealispind tuntava polsterdusega ja perforatsiooniga niiskuse k\u00f5rvaldamiseks. K\u00e4epidemekatte tekstuur takistab nende libisemist peos. K\u00e4epideme katte eemaldamisel paljastub roostevabast terasest pind. See on sobilik agressiivse raskekaalu entusiasti jaoks. Wrist Equipment on t\u00e4ppist\u00f6\u00f6na valmistatud hea kvaliteediga toode. K\u00f5ik detailid ja \u00fcksikosad on toodetud ja monteeritud EL -is. Raami standardseteks v\u00e4rvideks on valge ja hall, kuid v\u00e4rvust on v\u00f5imalik valida ka kliendi soovi kohaselt. T\u00e4nu roostevabast terasest k\u00e4epidemele, mis keerleb kuullaagritel ja\u00a0 k\u00f5rge kvaliteediga raamile on sellel tootel\u00a0 pikk eluiga.<\/p>\n<h3 style=\"text-align: center;\"><\/h3>\n<p style=\"text-align: center;\">\u00a0<div class=\"hr\"><\/div><\/p>\n<h3 style=\"text-align: center;\"><\/h3>\n<p style=\"text-align: center;\"><strong>Uudiste, soovituste ja muu informatsiooni saamiseks j\u00e4lgige meid Facebookis<\/strong><\/p>\n<div class=\"section section-info\" style=\"text-align: center;\"><div class=\"social-icons\"><br \/>\n<a href=\"https:\/\/www.facebook.com\/WristEquipment\" target=\"_blank\" class=\"fa fa-facebook\" title=\"facebook\"><\/a><br \/>\n<\/div><\/div>\n<div class=\"section section-info\" style=\"text-align: center;\"><\/div>\n<div class=\"section section-info\" style=\"text-align: center;\"><\/div>\n<p style=\"text-align: center;\"><strong>Rahvusvaheline m\u00fc\u00fck<\/strong><\/p>\n<p style=\"text-align: center;\">gunnar@wristequipment.com<\/p>\n<p style=\"text-align: center;\"><strong>Wrist Equipmenti innovatiivne disain on registreeritud ja kaitstud.<\/strong><\/p>\n<div class=\"hr\"><\/div>\n<div class=\"whatwe-box\" id=\"last\">\r\n\t\t\t\t\t<div class=\"whatwethumb\"><img decoding=\"async\" src=\"http:\/\/wristequipment.com\/wp-content\/uploads\/2017\/01\/Untitled-1-1.png\"><\/div>\r\n\t\t\t\t\t<div class=\"whatwe-content\">\r\n\t\t\t\t\t\t<h3>Wristequipment<\/h3>\r\n\t\t\t\t\t\t<p>Multifunktsionaalne treeningseade. Sportlaste poolt heaks kiidetud. PikkusxLaiusxK\u00f5rgus 600x780x1200(mm), 32kg <\/p>\r\n\t\t\t\t\t\t<a class=\"buttonstyle1\" href=\"http:\/\/wristequipment.com\/ee\/wristequipment\/\">More Info<\/a>\r\n\t\t\t\t\t<\/div>\t\t\r\n\t\t\t\t<\/div>\n","protected":false},"excerpt":{"rendered":"<p>&nbsp; SPORDIST LIHASTE TAASTAMISENI T\u00e4nu oma mitmekesisusele, kus saab sooritada palju erinevaid treeningharjutusi, Wrist Equipment kuulub\u00a0 treeningseadmete\u00a0 r\u00fchma, mille esimene mudel\u00a0 oli projekteeritud ja\u00a0 valmistatud terapeutide ning spordiarstide n\u00f5uannete j\u00e4rgi nii treeninguteks kui ka\u00a0 taastusraviks. Multifunktsionaalne vabaraskusega treeningseade, mille v\u00e4ljat\u00f6\u00f6tamise eesm\u00e4rk oli leida efektiivne, lihtne ja samas usaldusv\u00e4\u00e4rne asendaja harjutuskangiga treenimiseks. Wrist Equipment sobib igat t\u00fc\u00fcpi sportlasele &#8211; nii professionaalile, harrastajale kui ka algajale, sest temaga treenimine on lihtne, mugav ja v\u00e4ga t\u00f5hus. Valides \u00f5ige raskuse ja harjutuste sageduse\u00a0 v\u00f5ib treenija\u00a0 kergelt kasvatada oma lihasmassi v\u00f5i hoopis vormida oma k\u00e4sivarsi sihvakamaks.\u00a0 Wrist Equipmentil kasutatakse raskustena kangikettaid, harjutuse algraskus on 0kg&#8230; <\/p>\n","protected":false},"author":1,"featured_media":0,"parent":7,"menu_order":0,"comment_status":"closed","ping_status":"closed","template":"template-full-width.php","meta":{"_acf_changed":false,"footnotes":""},"class_list":["post-122","page","type-page","status-publish","hentry"],"translation":{"provider":"WPGlobus","version":"3.0.0","language":"ee","enabled_languages":["en","ee"],"languages":{"en":{"title":true,"content":true,"excerpt":false},"ee":{"title":true,"content":true,"excerpt":false}}},"acf":[],"yoast_head":"<!-- This site is optimized with the Yoast SEO plugin v24.3 - https:\/\/yoast.com\/wordpress\/plugins\/seo\/ -->\n<title>Wristequipment - WristEquipment<\/title>\n<meta name=\"robots\" content=\"index, follow, max-snippet:-1, max-image-preview:large, max-video-preview:-1\" \/>\n<link rel=\"canonical\" href=\"https:\/\/wristequipment.com\/ee\/products\/wristequipment\/\" \/>\n<meta property=\"og:locale\" content=\"et_EE\" \/>\n<meta property=\"og:type\" content=\"article\" \/>\n<meta property=\"og:title\" content=\"Wristequipment - WristEquipment\" \/>\n<meta property=\"og:url\" content=\"https:\/\/wristequipment.com\/ee\/products\/wristequipment\/\" \/>\n<meta property=\"og:site_name\" content=\"WristEquipment\" \/>\n<meta property=\"article:modified_time\" content=\"2021-05-04T06:25:47+00:00\" \/>\n<meta property=\"og:image\" content=\"http:\/\/wristequipment.com\/wp-content\/uploads\/2017\/02\/pildid.png\" \/>\n<meta name=\"twitter:card\" content=\"summary_large_image\" \/>\n<meta name=\"twitter:label1\" content=\"Est. reading time\" \/>\n\t<meta name=\"twitter:data1\" content=\"9 minutes\" \/>\n<script type=\"application\/ld+json\" class=\"yoast-schema-graph\">{\"@context\":\"https:\/\/schema.org\",\"@graph\":[{\"@type\":\"WebPage\",\"@id\":\"https:\/\/wristequipment.com\/ee\/products\/wristequipment\/\",\"url\":\"https:\/\/wristequipment.com\/ee\/products\/wristequipment\/\",\"name\":\"Wristequipment - WristEquipment\",\"isPartOf\":{\"@id\":\"http:\/\/wristequipment.com\/#website\"},\"primaryImageOfPage\":{\"@id\":\"https:\/\/wristequipment.com\/ee\/products\/wristequipment\/#primaryimage\"},\"image\":{\"@id\":\"https:\/\/wristequipment.com\/ee\/products\/wristequipment\/#primaryimage\"},\"thumbnailUrl\":\"http:\/\/wristequipment.com\/wp-content\/uploads\/2017\/02\/pildid.png\",\"datePublished\":\"2017-01-22T13:08:20+00:00\",\"dateModified\":\"2021-05-04T06:25:47+00:00\",\"description\":\"Wrist Equipment is a training device, custom made for professional training purposes and forehand for the rehabilitation by recommendation of therapists.\",\"breadcrumb\":{\"@id\":\"https:\/\/wristequipment.com\/ee\/products\/wristequipment\/#breadcrumb\"},\"inLanguage\":\"et-EE\",\"potentialAction\":[{\"@type\":\"ReadAction\",\"target\":[\"https:\/\/wristequipment.com\/ee\/products\/wristequipment\/\"]}]},{\"@type\":\"ImageObject\",\"inLanguage\":\"et-EE\",\"@id\":\"https:\/\/wristequipment.com\/ee\/products\/wristequipment\/#primaryimage\",\"url\":\"http:\/\/wristequipment.com\/wp-content\/uploads\/2017\/02\/pildid.png\",\"contentUrl\":\"http:\/\/wristequipment.com\/wp-content\/uploads\/2017\/02\/pildid.png\"},{\"@type\":\"BreadcrumbList\",\"@id\":\"https:\/\/wristequipment.com\/ee\/products\/wristequipment\/#breadcrumb\",\"itemListElement\":[{\"@type\":\"ListItem\",\"position\":1,\"name\":\"Home\",\"item\":\"http:\/\/wristequipment.com\/\"},{\"@type\":\"ListItem\",\"position\":2,\"name\":\"Tooted\",\"item\":\"https:\/\/wristequipment.com\/ee\/products\/\"},{\"@type\":\"ListItem\",\"position\":3,\"name\":\"Wristequipment\"}]},{\"@type\":\"WebSite\",\"@id\":\"http:\/\/wristequipment.com\/#website\",\"url\":\"http:\/\/wristequipment.com\/\",\"name\":\"WristEquipment\",\"description\":\"Professionaalsed treeningseadmed\",\"potentialAction\":[{\"@type\":\"SearchAction\",\"target\":{\"@type\":\"EntryPoint\",\"urlTemplate\":\"http:\/\/wristequipment.com\/?s={search_term_string}\"},\"query-input\":{\"@type\":\"PropertyValueSpecification\",\"valueRequired\":true,\"valueName\":\"search_term_string\"}}],\"inLanguage\":\"et-EE\"}]}<\/script>\n<!-- \/ Yoast SEO plugin. -->","yoast_head_json":{"title":"Wristequipment - WristEquipment","robots":{"index":"index","follow":"follow","max-snippet":"max-snippet:-1","max-image-preview":"max-image-preview:large","max-video-preview":"max-video-preview:-1"},"canonical":"https:\/\/wristequipment.com\/ee\/products\/wristequipment\/","og_locale":"et_EE","og_type":"article","og_title":"Wristequipment - WristEquipment","og_url":"https:\/\/wristequipment.com\/ee\/products\/wristequipment\/","og_site_name":"WristEquipment","article_modified_time":"2021-05-04T06:25:47+00:00","og_image":[{"url":"http:\/\/wristequipment.com\/wp-content\/uploads\/2017\/02\/pildid.png","type":"","width":"","height":""}],"twitter_card":"summary_large_image","twitter_misc":{"Est. reading time":"9 minutes"},"schema":{"@context":"https:\/\/schema.org","@graph":[{"@type":"WebPage","@id":"https:\/\/wristequipment.com\/ee\/products\/wristequipment\/","url":"https:\/\/wristequipment.com\/ee\/products\/wristequipment\/","name":"Wristequipment - WristEquipment","isPartOf":{"@id":"http:\/\/wristequipment.com\/#website"},"primaryImageOfPage":{"@id":"https:\/\/wristequipment.com\/ee\/products\/wristequipment\/#primaryimage"},"image":{"@id":"https:\/\/wristequipment.com\/ee\/products\/wristequipment\/#primaryimage"},"thumbnailUrl":"http:\/\/wristequipment.com\/wp-content\/uploads\/2017\/02\/pildid.png","datePublished":"2017-01-22T13:08:20+00:00","dateModified":"2021-05-04T06:25:47+00:00","description":"Wrist Equipment is a training device, custom made for professional training purposes and forehand for the rehabilitation by recommendation of therapists.","breadcrumb":{"@id":"https:\/\/wristequipment.com\/ee\/products\/wristequipment\/#breadcrumb"},"inLanguage":"et-EE","potentialAction":[{"@type":"ReadAction","target":["https:\/\/wristequipment.com\/ee\/products\/wristequipment\/"]}]},{"@type":"ImageObject","inLanguage":"et-EE","@id":"https:\/\/wristequipment.com\/ee\/products\/wristequipment\/#primaryimage","url":"http:\/\/wristequipment.com\/wp-content\/uploads\/2017\/02\/pildid.png","contentUrl":"http:\/\/wristequipment.com\/wp-content\/uploads\/2017\/02\/pildid.png"},{"@type":"BreadcrumbList","@id":"https:\/\/wristequipment.com\/ee\/products\/wristequipment\/#breadcrumb","itemListElement":[{"@type":"ListItem","position":1,"name":"Home","item":"http:\/\/wristequipment.com\/"},{"@type":"ListItem","position":2,"name":"Tooted","item":"https:\/\/wristequipment.com\/ee\/products\/"},{"@type":"ListItem","position":3,"name":"Wristequipment"}]},{"@type":"WebSite","@id":"http:\/\/wristequipment.com\/#website","url":"http:\/\/wristequipment.com\/","name":"WristEquipment","description":"Professionaalsed treeningseadmed","potentialAction":[{"@type":"SearchAction","target":{"@type":"EntryPoint","urlTemplate":"http:\/\/wristequipment.com\/?s={search_term_string}"},"query-input":{"@type":"PropertyValueSpecification","valueRequired":true,"valueName":"search_term_string"}}],"inLanguage":"et-EE"}]}},"_links":{"self":[{"href":"http:\/\/wristequipment.com\/ee\/wp-json\/wp\/v2\/pages\/122","targetHints":{"allow":["GET"]}}],"collection":[{"href":"http:\/\/wristequipment.com\/ee\/wp-json\/wp\/v2\/pages"}],"about":[{"href":"http:\/\/wristequipment.com\/ee\/wp-json\/wp\/v2\/types\/page"}],"author":[{"embeddable":true,"href":"http:\/\/wristequipment.com\/ee\/wp-json\/wp\/v2\/users\/1"}],"replies":[{"embeddable":true,"href":"http:\/\/wristequipment.com\/ee\/wp-json\/wp\/v2\/comments?post=122"}],"version-history":[{"count":5,"href":"http:\/\/wristequipment.com\/ee\/wp-json\/wp\/v2\/pages\/122\/revisions"}],"predecessor-version":[{"id":774,"href":"http:\/\/wristequipment.com\/ee\/wp-json\/wp\/v2\/pages\/122\/revisions\/774"}],"up":[{"embeddable":true,"href":"http:\/\/wristequipment.com\/ee\/wp-json\/wp\/v2\/pages\/7"}],"wp:attachment":[{"href":"http:\/\/wristequipment.com\/ee\/wp-json\/wp\/v2\/media?parent=122"}],"curies":[{"name":"wp","href":"https:\/\/api.w.org\/{rel}","templated":true}]}}